{"id":7082,"date":"2021-01-06T19:56:43","date_gmt":"2021-01-06T18:56:43","guid":{"rendered":"https:\/\/nicopre.es\/blog\/?page_id=7082"},"modified":"2021-01-06T19:56:43","modified_gmt":"2021-01-06T18:56:43","slug":"agradecimientos","status":"publish","type":"page","link":"https:\/\/xn--nicols-tta.es\/wordpress\/multisite\/temas\/agradecimientos\/","title":{"rendered":"Agradecimientos"},"content":{"rendered":"\t\t<div data-elementor-type=\"wp-page\" data-elementor-id=\"7082\" class=\"elementor elementor-7082\">\n\t\t\t\t\t\t<section class=\"elementor-section elementor-top-section elementor-element elementor-element-ead5a07 elementor-section-boxed elementor-section-height-default elementor-section-height-default\" data-id=\"ead5a07\" data-element_type=\"section\" data-e-type=\"section\">\n\t\t\t\t\t\t<div class=\"elementor-container elementor-column-gap-default\">\n\t\t\t\t\t<div class=\"elementor-column elementor-col-100 elementor-top-column elementor-element elementor-element-9980a06\" data-id=\"9980a06\" data-element_type=\"column\" data-e-type=\"column\">\n\t\t\t<div class=\"elementor-widget-wrap elementor-element-populated\">\n\t\t\t\t\t\t<div class=\"elementor-element elementor-element-1ef3c0d elementor-widget elementor-widget-heading\" data-id=\"1ef3c0d\" data-element_type=\"widget\" data-e-type=\"widget\" data-widget_type=\"heading.default\">\n\t\t\t\t<div class=\"elementor-widget-container\">\n\t\t\t\t\t<h2 class=\"elementor-heading-title elementor-size-default\">Agradecimientos a las siguientes Empresas que hacen m\u00e1s f\u00e1cil nuestro trabajo .<\/h2>\t\t\t\t<\/div>\n\t\t\t\t<\/div>\n\t\t\t\t\t<\/div>\n\t\t<\/div>\n\t\t\t\t\t<\/div>\n\t\t<\/section>\n\t\t\t\t<section class=\"elementor-section elementor-top-section elementor-element elementor-element-2a8ab0f elementor-section-boxed elementor-section-height-default elementor-section-height-default\" data-id=\"2a8ab0f\" data-element_type=\"section\" data-e-type=\"section\">\n\t\t\t\t\t\t<div class=\"elementor-container elementor-column-gap-default\">\n\t\t\t\t\t<div class=\"elementor-column elementor-col-100 elementor-top-column elementor-element elementor-element-30fd0fc\" data-id=\"30fd0fc\" data-element_type=\"column\" data-e-type=\"column\">\n\t\t\t<div class=\"elementor-widget-wrap elementor-element-populated\">\n\t\t\t\t\t\t<div class=\"elementor-element elementor-element-a0cadf7 elementor-widget elementor-widget-heading\" data-id=\"a0cadf7\" data-element_type=\"widget\" data-e-type=\"widget\" data-widget_type=\"heading.default\">\n\t\t\t\t<div class=\"elementor-widget-container\">\n\t\t\t\t\t<h3 class=\"elementor-heading-title elementor-size-default\">EN PRIMER LUGAR A  LUCUSHOST QUE NOS PROPORCIONA UN GRAN SERVICIO EN NUESTROS HOSTING WEB CON UNOS PRODUCTOS DE PRIMERA.<\/h3>\t\t\t\t<\/div>\n\t\t\t\t<\/div>\n\t\t\t\t\t<\/div>\n\t\t<\/div>\n\t\t\t\t\t<\/div>\n\t\t<\/section>\n\t\t\t\t<section class=\"elementor-section elementor-top-section elementor-element elementor-element-6ac2a12 elementor-section-boxed elementor-section-height-default elementor-section-height-default\" data-id=\"6ac2a12\" data-element_type=\"section\" data-e-type=\"section\">\n\t\t\t\t\t\t<div class=\"elementor-container elementor-column-gap-default\">\n\t\t\t\t\t<div class=\"elementor-column elementor-col-100 elementor-top-column elementor-element elementor-element-996b3f6\" data-id=\"996b3f6\" data-element_type=\"column\" data-e-type=\"column\">\n\t\t\t<div class=\"elementor-widget-wrap elementor-element-populated\">\n\t\t\t\t\t\t<div class=\"elementor-element elementor-element-1109e5f elementor-widget elementor-widget-html\" data-id=\"1109e5f\" data-element_type=\"widget\" data-e-type=\"widget\" data-widget_type=\"html.default\">\n\t\t\t\t<div class=\"elementor-widget-container\">\n\t\t\t\t\t<a target=\"_blank\" href=\"\/\/aff.lucushost.com\/resources\/click\/?n=L2htSkX5&aff=521\"><img decoding=\"async\" border=\"0\" alt=\"LucusHost, el mejor hosting\" src=\"\/\/aff.lucushost.com\/resources\/banners\/?zoneid=3242&n=L2htSkX5&aff=521\" \/><\/a>\t\t\t\t<\/div>\n\t\t\t\t<\/div>\n\t\t\t\t\t<\/div>\n\t\t<\/div>\n\t\t\t\t\t<\/div>\n\t\t<\/section>\n\t\t\t\t<section class=\"elementor-section elementor-top-section elementor-element elementor-element-20fe3c1 elementor-section-boxed elementor-section-height-default elementor-section-height-default\" data-id=\"20fe3c1\" data-element_type=\"section\" data-e-type=\"section\">\n\t\t\t\t\t\t<div class=\"elementor-container elementor-column-gap-default\">\n\t\t\t\t\t<div class=\"elementor-column elementor-col-100 elementor-top-column elementor-element elementor-element-b52aa58\" data-id=\"b52aa58\" data-element_type=\"column\" data-e-type=\"column\">\n\t\t\t<div class=\"elementor-widget-wrap elementor-element-populated\">\n\t\t\t\t\t\t<div class=\"elementor-element elementor-element-9c48d21 elementor-widget elementor-widget-heading\" data-id=\"9c48d21\" data-element_type=\"widget\" data-e-type=\"widget\" data-widget_type=\"heading.default\">\n\t\t\t\t<div class=\"elementor-widget-container\">\n\t\t\t\t\t<h3 class=\"elementor-heading-title elementor-size-default\">EN SEGUNDO LUGAR A WORDPRESS QUE NOS PROPORCIONA LA SEGURIDAD EN NUESTROS SITIOS WEB.<\/h3>\t\t\t\t<\/div>\n\t\t\t\t<\/div>\n\t\t\t\t\t<\/div>\n\t\t<\/div>\n\t\t\t\t\t<\/div>\n\t\t<\/section>\n\t\t\t\t<section class=\"elementor-section elementor-top-section elementor-element elementor-element-4c0626c elementor-section-boxed elementor-section-height-default elementor-section-height-default\" data-id=\"4c0626c\" data-element_type=\"section\" data-e-type=\"section\">\n\t\t\t\t\t\t<div class=\"elementor-container elementor-column-gap-default\">\n\t\t\t\t\t<div class=\"elementor-column elementor-col-100 elementor-top-column elementor-element elementor-element-cc1aaef\" data-id=\"cc1aaef\" data-element_type=\"column\" data-e-type=\"column\">\n\t\t\t<div class=\"elementor-widget-wrap elementor-element-populated\">\n\t\t\t\t\t\t<div class=\"elementor-element elementor-element-84c84d4 elementor-align-center elementor-widget elementor-widget-button\" data-id=\"84c84d4\" data-element_type=\"widget\" data-e-type=\"widget\" data-widget_type=\"button.default\">\n\t\t\t\t<div class=\"elementor-widget-container\">\n\t\t\t\t\t\t\t\t\t<div class=\"elementor-button-wrapper\">\n\t\t\t\t\t<a class=\"elementor-button elementor-button-link elementor-size-xl\" href=\"https:\/\/es.wordpress.org\/\">\n\t\t\t\t\t\t<span class=\"elementor-button-content-wrapper\">\n\t\t\t\t\t\t<span class=\"elementor-button-icon\">\n\t\t\t\t<i aria-hidden=\"true\" class=\"fab fa-wordpress-simple\"><\/i>\t\t\t<\/span>\n\t\t\t\t\t\t\t\t\t<span class=\"elementor-button-text\">WordPress<\/span>\n\t\t\t\t\t<\/span>\n\t\t\t\t\t<\/a>\n\t\t\t\t<\/div>\n\t\t\t\t\t\t\t\t<\/div>\n\t\t\t\t<\/div>\n\t\t\t\t\t<\/div>\n\t\t<\/div>\n\t\t\t\t\t<\/div>\n\t\t<\/section>\n\t\t\t\t<section class=\"elementor-section elementor-top-section elementor-element elementor-element-9073ec8 elementor-section-boxed elementor-section-height-default elementor-section-height-default\" data-id=\"9073ec8\" data-element_type=\"section\" data-e-type=\"section\">\n\t\t\t\t\t\t<div class=\"elementor-container elementor-column-gap-default\">\n\t\t\t\t\t<div class=\"elementor-column elementor-col-100 elementor-top-column elementor-element elementor-element-d4be34f\" data-id=\"d4be34f\" data-element_type=\"column\" data-e-type=\"column\">\n\t\t\t<div class=\"elementor-widget-wrap elementor-element-populated\">\n\t\t\t\t\t\t<div class=\"elementor-element elementor-element-866f146 elementor-widget elementor-widget-heading\" data-id=\"866f146\" data-element_type=\"widget\" data-e-type=\"widget\" data-widget_type=\"heading.default\">\n\t\t\t\t<div class=\"elementor-widget-container\">\n\t\t\t\t\t<h4 class=\"elementor-heading-title elementor-size-default\">EN TERCER LUGAR A LOS CREADORES DE LOS PLUGINS QUE TANTO NOS AYUDAN A CONSEGUIR NUESTROS PROPOSITOS EN MUY POCO TIEMPO.\nA CONTINUACI\u00d3N CITAR\u00c9 LOS QUE M\u00c1S UTILIZ\u00d3 O SON M\u00c1S RELEVANTES AQU\u00cd .<\/h4>\t\t\t\t<\/div>\n\t\t\t\t<\/div>\n\t\t\t\t\t<\/div>\n\t\t<\/div>\n\t\t\t\t\t<\/div>\n\t\t<\/section>\n\t\t\t\t<section class=\"elementor-section elementor-top-section elementor-element elementor-element-dff769b elementor-section-boxed elementor-section-height-default elementor-section-height-default\" data-id=\"dff769b\" data-element_type=\"section\" data-e-type=\"section\">\n\t\t\t\t\t\t<div class=\"elementor-container elementor-column-gap-default\">\n\t\t\t\t\t<div class=\"elementor-column elementor-col-100 elementor-top-column elementor-element elementor-element-243d14a\" data-id=\"243d14a\" data-element_type=\"column\" data-e-type=\"column\">\n\t\t\t<div class=\"elementor-widget-wrap\">\n\t\t\t\t\t\t\t<\/div>\n\t\t<\/div>\n\t\t\t\t\t<\/div>\n\t\t<\/section>\n\t\t\t\t<\/div>\n\t\t","protected":false},"excerpt":{"rendered":"<p>Agradecimientos a las siguientes Empresas que hacen m\u00e1s f\u00e1cil nuestro trabajo . EN PRIMER LUGAR A LUCUSHOST QUE NOS PROPORCIONA UN GRAN SERVICIO EN NUESTROS HOSTING WEB CON UNOS PRODUCTOS DE PRIMERA. EN SEGUNDO LUGAR A WORDPRESS QUE NOS PROPORCIONA LA SEGURIDAD EN NUESTROS SITIOS WEB. WordPress EN TERCER LUGAR A LOS CREADORES DE LOS [&hellip;]<\/p>\n","protected":false},"author":4,"featured_media":7085,"parent":0,"menu_order":0,"comment_status":"closed","ping_status":"closed","template":"","meta":{"footnotes":""},"class_list":["post-7082","page","type-page","status-publish","has-post-thumbnail","hentry"],"yoast_head":"<!-- This site is optimized with the Yoast SEO plugin v27.4 - https:\/\/yoast.com\/product\/yoast-seo-wordpress\/ -->\n<title>Agradecimientos - Vista Previa<\/title>\n<meta name=\"robots\" content=\"index, follow, max-snippet:-1, max-image-preview:large, max-video-preview:-1\" \/>\n<link rel=\"canonical\" href=\"https:\/\/xn--nicols-tta.es\/wordpress\/multisite\/temas\/agradecimientos\/\" \/>\n<meta property=\"og:locale\" content=\"es_ES\" \/>\n<meta property=\"og:type\" content=\"article\" \/>\n<meta property=\"og:title\" content=\"Agradecimientos - Vista Previa\" \/>\n<meta property=\"og:description\" content=\"Agradecimientos a las siguientes Empresas que hacen m\u00e1s f\u00e1cil nuestro trabajo . EN PRIMER LUGAR A LUCUSHOST QUE NOS PROPORCIONA UN GRAN SERVICIO EN NUESTROS HOSTING WEB CON UNOS PRODUCTOS DE PRIMERA. EN SEGUNDO LUGAR A WORDPRESS QUE NOS PROPORCIONA LA SEGURIDAD EN NUESTROS SITIOS WEB. WordPress EN TERCER LUGAR A LOS CREADORES DE LOS [&hellip;]\" \/>\n<meta property=\"og:url\" content=\"https:\/\/xn--nicols-tta.es\/wordpress\/multisite\/temas\/agradecimientos\/\" \/>\n<meta property=\"og:site_name\" content=\"Vista Previa\" \/>\n<meta property=\"og:image\" content=\"https:\/\/xn--nicols-tta.es\/wordpress\/multisite\/temas\/wp-content\/uploads\/2021\/01\/agradecimiento.jpg\" \/>\n\t<meta property=\"og:image:width\" content=\"1120\" \/>\n\t<meta property=\"og:image:height\" content=\"725\" \/>\n\t<meta property=\"og:image:type\" content=\"image\/jpeg\" \/>\n<meta name=\"twitter:card\" content=\"summary_large_image\" \/>\n<meta name=\"twitter:label1\" content=\"Tiempo de lectura\" \/>\n\t<meta name=\"twitter:data1\" content=\"1 minuto\" \/>\n<script type=\"application\/ld+json\" class=\"yoast-schema-graph\">{\"@context\":\"https:\\\/\\\/schema.org\",\"@graph\":[{\"@type\":\"WebPage\",\"@id\":\"https:\\\/\\\/xn--nicols-tta.es\\\/wordpress\\\/multisite\\\/temas\\\/agradecimientos\\\/\",\"url\":\"https:\\\/\\\/xn--nicols-tta.es\\\/wordpress\\\/multisite\\\/temas\\\/agradecimientos\\\/\",\"name\":\"Agradecimientos - Vista Previa\",\"isPartOf\":{\"@id\":\"https:\\\/\\\/xn--nicols-tta.es\\\/wordpress\\\/multisite\\\/temas\\\/#website\"},\"primaryImageOfPage\":{\"@id\":\"https:\\\/\\\/xn--nicols-tta.es\\\/wordpress\\\/multisite\\\/temas\\\/agradecimientos\\\/#primaryimage\"},\"image\":{\"@id\":\"https:\\\/\\\/xn--nicols-tta.es\\\/wordpress\\\/multisite\\\/temas\\\/agradecimientos\\\/#primaryimage\"},\"thumbnailUrl\":\"https:\\\/\\\/xn--nicols-tta.es\\\/wordpress\\\/multisite\\\/temas\\\/wp-content\\\/uploads\\\/2021\\\/01\\\/agradecimiento.jpg\",\"datePublished\":\"2021-01-06T18:56:43+00:00\",\"breadcrumb\":{\"@id\":\"https:\\\/\\\/xn--nicols-tta.es\\\/wordpress\\\/multisite\\\/temas\\\/agradecimientos\\\/#breadcrumb\"},\"inLanguage\":\"es\",\"potentialAction\":[{\"@type\":\"ReadAction\",\"target\":[\"https:\\\/\\\/xn--nicols-tta.es\\\/wordpress\\\/multisite\\\/temas\\\/agradecimientos\\\/\"]}]},{\"@type\":\"ImageObject\",\"inLanguage\":\"es\",\"@id\":\"https:\\\/\\\/xn--nicols-tta.es\\\/wordpress\\\/multisite\\\/temas\\\/agradecimientos\\\/#primaryimage\",\"url\":\"https:\\\/\\\/xn--nicols-tta.es\\\/wordpress\\\/multisite\\\/temas\\\/wp-content\\\/uploads\\\/2021\\\/01\\\/agradecimiento.jpg\",\"contentUrl\":\"https:\\\/\\\/xn--nicols-tta.es\\\/wordpress\\\/multisite\\\/temas\\\/wp-content\\\/uploads\\\/2021\\\/01\\\/agradecimiento.jpg\",\"width\":1120,\"height\":725},{\"@type\":\"BreadcrumbList\",\"@id\":\"https:\\\/\\\/xn--nicols-tta.es\\\/wordpress\\\/multisite\\\/temas\\\/agradecimientos\\\/#breadcrumb\",\"itemListElement\":[{\"@type\":\"ListItem\",\"position\":1,\"name\":\"Portada\",\"item\":\"https:\\\/\\\/xn--nicols-tta.es\\\/wordpress\\\/multisite\\\/temas\\\/\"},{\"@type\":\"ListItem\",\"position\":2,\"name\":\"Agradecimientos\"}]},{\"@type\":\"WebSite\",\"@id\":\"https:\\\/\\\/xn--nicols-tta.es\\\/wordpress\\\/multisite\\\/temas\\\/#website\",\"url\":\"https:\\\/\\\/xn--nicols-tta.es\\\/wordpress\\\/multisite\\\/temas\\\/\",\"name\":\"Vista Previa\",\"description\":\"TEMAS WORDPRESS\",\"publisher\":{\"@id\":\"https:\\\/\\\/xn--nicols-tta.es\\\/wordpress\\\/multisite\\\/temas\\\/#organization\"},\"potentialAction\":[{\"@type\":\"SearchAction\",\"target\":{\"@type\":\"EntryPoint\",\"urlTemplate\":\"https:\\\/\\\/xn--nicols-tta.es\\\/wordpress\\\/multisite\\\/temas\\\/?s={search_term_string}\"},\"query-input\":{\"@type\":\"PropertyValueSpecification\",\"valueRequired\":true,\"valueName\":\"search_term_string\"}}],\"inLanguage\":\"es\"},{\"@type\":\"Organization\",\"@id\":\"https:\\\/\\\/xn--nicols-tta.es\\\/wordpress\\\/multisite\\\/temas\\\/#organization\",\"name\":\"Vista Previa\",\"url\":\"https:\\\/\\\/xn--nicols-tta.es\\\/wordpress\\\/multisite\\\/temas\\\/\",\"logo\":{\"@type\":\"ImageObject\",\"inLanguage\":\"es\",\"@id\":\"https:\\\/\\\/xn--nicols-tta.es\\\/wordpress\\\/multisite\\\/temas\\\/#\\\/schema\\\/logo\\\/image\\\/\",\"url\":\"https:\\\/\\\/xn--nicols-tta.es\\\/wordpress\\\/multisite\\\/temas\\\/wp-content\\\/uploads\\\/2021\\\/10\\\/cropped-nicolas-N-tramp.png\",\"contentUrl\":\"https:\\\/\\\/xn--nicols-tta.es\\\/wordpress\\\/multisite\\\/temas\\\/wp-content\\\/uploads\\\/2021\\\/10\\\/cropped-nicolas-N-tramp.png\",\"width\":512,\"height\":512,\"caption\":\"Vista Previa\"},\"image\":{\"@id\":\"https:\\\/\\\/xn--nicols-tta.es\\\/wordpress\\\/multisite\\\/temas\\\/#\\\/schema\\\/logo\\\/image\\\/\"}}]}<\/script>\n<!-- \/ Yoast SEO plugin. -->","yoast_head_json":{"title":"Agradecimientos - Vista Previa","robots":{"index":"index","follow":"follow","max-snippet":"max-snippet:-1","max-image-preview":"max-image-preview:large","max-video-preview":"max-video-preview:-1"},"canonical":"https:\/\/xn--nicols-tta.es\/wordpress\/multisite\/temas\/agradecimientos\/","og_locale":"es_ES","og_type":"article","og_title":"Agradecimientos - Vista Previa","og_description":"Agradecimientos a las siguientes Empresas que hacen m\u00e1s f\u00e1cil nuestro trabajo . EN PRIMER LUGAR A LUCUSHOST QUE NOS PROPORCIONA UN GRAN SERVICIO EN NUESTROS HOSTING WEB CON UNOS PRODUCTOS DE PRIMERA. EN SEGUNDO LUGAR A WORDPRESS QUE NOS PROPORCIONA LA SEGURIDAD EN NUESTROS SITIOS WEB. WordPress EN TERCER LUGAR A LOS CREADORES DE LOS [&hellip;]","og_url":"https:\/\/xn--nicols-tta.es\/wordpress\/multisite\/temas\/agradecimientos\/","og_site_name":"Vista Previa","og_image":[{"width":1120,"height":725,"url":"https:\/\/xn--nicols-tta.es\/wordpress\/multisite\/temas\/wp-content\/uploads\/2021\/01\/agradecimiento.jpg","type":"image\/jpeg"}],"twitter_card":"summary_large_image","twitter_misc":{"Tiempo de lectura":"1 minuto"},"schema":{"@context":"https:\/\/schema.org","@graph":[{"@type":"WebPage","@id":"https:\/\/xn--nicols-tta.es\/wordpress\/multisite\/temas\/agradecimientos\/","url":"https:\/\/xn--nicols-tta.es\/wordpress\/multisite\/temas\/agradecimientos\/","name":"Agradecimientos - Vista Previa","isPartOf":{"@id":"https:\/\/xn--nicols-tta.es\/wordpress\/multisite\/temas\/#website"},"primaryImageOfPage":{"@id":"https:\/\/xn--nicols-tta.es\/wordpress\/multisite\/temas\/agradecimientos\/#primaryimage"},"image":{"@id":"https:\/\/xn--nicols-tta.es\/wordpress\/multisite\/temas\/agradecimientos\/#primaryimage"},"thumbnailUrl":"https:\/\/xn--nicols-tta.es\/wordpress\/multisite\/temas\/wp-content\/uploads\/2021\/01\/agradecimiento.jpg","datePublished":"2021-01-06T18:56:43+00:00","breadcrumb":{"@id":"https:\/\/xn--nicols-tta.es\/wordpress\/multisite\/temas\/agradecimientos\/#breadcrumb"},"inLanguage":"es","potentialAction":[{"@type":"ReadAction","target":["https:\/\/xn--nicols-tta.es\/wordpress\/multisite\/temas\/agradecimientos\/"]}]},{"@type":"ImageObject","inLanguage":"es","@id":"https:\/\/xn--nicols-tta.es\/wordpress\/multisite\/temas\/agradecimientos\/#primaryimage","url":"https:\/\/xn--nicols-tta.es\/wordpress\/multisite\/temas\/wp-content\/uploads\/2021\/01\/agradecimiento.jpg","contentUrl":"https:\/\/xn--nicols-tta.es\/wordpress\/multisite\/temas\/wp-content\/uploads\/2021\/01\/agradecimiento.jpg","width":1120,"height":725},{"@type":"BreadcrumbList","@id":"https:\/\/xn--nicols-tta.es\/wordpress\/multisite\/temas\/agradecimientos\/#breadcrumb","itemListElement":[{"@type":"ListItem","position":1,"name":"Portada","item":"https:\/\/xn--nicols-tta.es\/wordpress\/multisite\/temas\/"},{"@type":"ListItem","position":2,"name":"Agradecimientos"}]},{"@type":"WebSite","@id":"https:\/\/xn--nicols-tta.es\/wordpress\/multisite\/temas\/#website","url":"https:\/\/xn--nicols-tta.es\/wordpress\/multisite\/temas\/","name":"Vista Previa","description":"TEMAS WORDPRESS","publisher":{"@id":"https:\/\/xn--nicols-tta.es\/wordpress\/multisite\/temas\/#organization"},"potentialAction":[{"@type":"SearchAction","target":{"@type":"EntryPoint","urlTemplate":"https:\/\/xn--nicols-tta.es\/wordpress\/multisite\/temas\/?s={search_term_string}"},"query-input":{"@type":"PropertyValueSpecification","valueRequired":true,"valueName":"search_term_string"}}],"inLanguage":"es"},{"@type":"Organization","@id":"https:\/\/xn--nicols-tta.es\/wordpress\/multisite\/temas\/#organization","name":"Vista Previa","url":"https:\/\/xn--nicols-tta.es\/wordpress\/multisite\/temas\/","logo":{"@type":"ImageObject","inLanguage":"es","@id":"https:\/\/xn--nicols-tta.es\/wordpress\/multisite\/temas\/#\/schema\/logo\/image\/","url":"https:\/\/xn--nicols-tta.es\/wordpress\/multisite\/temas\/wp-content\/uploads\/2021\/10\/cropped-nicolas-N-tramp.png","contentUrl":"https:\/\/xn--nicols-tta.es\/wordpress\/multisite\/temas\/wp-content\/uploads\/2021\/10\/cropped-nicolas-N-tramp.png","width":512,"height":512,"caption":"Vista Previa"},"image":{"@id":"https:\/\/xn--nicols-tta.es\/wordpress\/multisite\/temas\/#\/schema\/logo\/image\/"}}]}},"_links":{"self":[{"href":"https:\/\/xn--nicols-tta.es\/wordpress\/multisite\/temas\/wp-json\/wp\/v2\/pages\/7082","targetHints":{"allow":["GET"]}}],"collection":[{"href":"https:\/\/xn--nicols-tta.es\/wordpress\/multisite\/temas\/wp-json\/wp\/v2\/pages"}],"about":[{"href":"https:\/\/xn--nicols-tta.es\/wordpress\/multisite\/temas\/wp-json\/wp\/v2\/types\/page"}],"author":[{"embeddable":true,"href":"https:\/\/xn--nicols-tta.es\/wordpress\/multisite\/temas\/wp-json\/wp\/v2\/users\/4"}],"replies":[{"embeddable":true,"href":"https:\/\/xn--nicols-tta.es\/wordpress\/multisite\/temas\/wp-json\/wp\/v2\/comments?post=7082"}],"version-history":[{"count":0,"href":"https:\/\/xn--nicols-tta.es\/wordpress\/multisite\/temas\/wp-json\/wp\/v2\/pages\/7082\/revisions"}],"wp:featuredmedia":[{"embeddable":true,"href":"https:\/\/xn--nicols-tta.es\/wordpress\/multisite\/temas\/wp-json\/wp\/v2\/media\/7085"}],"wp:attachment":[{"href":"https:\/\/xn--nicols-tta.es\/wordpress\/multisite\/temas\/wp-json\/wp\/v2\/media?parent=7082"}],"curies":[{"name":"wp","href":"https:\/\/api.w.org\/{rel}","templated":true}]}}