{"id":208,"date":"2021-09-10T18:22:13","date_gmt":"2021-09-10T16:22:13","guid":{"rendered":"https:\/\/xn--nicols-tta.es\/?page_id=208"},"modified":"2021-09-10T18:22:13","modified_gmt":"2021-09-10T16:22:13","slug":"acerca-de","status":"publish","type":"page","link":"https:\/\/xn--nicols-tta.es\/wordpress\/multisite\/temas\/itnicolas\/acerca-de\/","title":{"rendered":"Acerca de Nosotros"},"content":{"rendered":"\t\t<div data-elementor-type=\"wp-post\" data-elementor-id=\"208\" class=\"elementor elementor-208\">\n\t\t\t\t\t\t<section class=\"elementor-section elementor-top-section elementor-element elementor-element-40d4662 elementor-section-boxed elementor-section-height-default elementor-section-height-default\" data-id=\"40d4662\" data-element_type=\"section\" data-e-type=\"section\">\n\t\t\t\t\t\t<div class=\"elementor-container elementor-column-gap-default\">\n\t\t\t\t\t<div class=\"elementor-column elementor-col-100 elementor-top-column elementor-element elementor-element-8c0fbfa\" data-id=\"8c0fbfa\" data-element_type=\"column\" data-e-type=\"column\">\n\t\t\t<div class=\"elementor-widget-wrap elementor-element-populated\">\n\t\t\t\t\t\t<div class=\"elementor-element elementor-element-79c5a3f elementor-widget elementor-widget-heading\" data-id=\"79c5a3f\" data-element_type=\"widget\" data-e-type=\"widget\" data-widget_type=\"heading.default\">\n\t\t\t\t<div class=\"elementor-widget-container\">\n\t\t\t\t\t<h2 class=\"elementor-heading-title elementor-size-default\"><span style=\", sans-serif;font-size: var(--heading--font-size-h2);font-weight: var(--heading--font-weight);white-space: normal\">\u00bfQu\u00e9 es<\/span><span style=\", sans-serif;font-size: var(--heading--font-size-h2);font-weight: var(--heading--font-weight);white-space: normal\">&nbsp;Nicol\u00e1s<\/span><span style=\", sans-serif;font-size: var(--heading--font-size-h2);font-weight: var(--heading--font-weight);white-space: normal\">&nbsp;<\/span><span style=\", sans-serif;font-size: var(--heading--font-size-h2);font-weight: var(--heading--font-weight);white-space: normal\">?<\/span><\/h2>\t\t\t\t<\/div>\n\t\t\t\t<\/div>\n\t\t\t\t\t<\/div>\n\t\t<\/div>\n\t\t\t\t\t<\/div>\n\t\t<\/section>\n\t\t\t\t<section class=\"elementor-section elementor-top-section elementor-element elementor-element-966eb5c elementor-section-boxed elementor-section-height-default elementor-section-height-default\" data-id=\"966eb5c\" data-element_type=\"section\" data-e-type=\"section\">\n\t\t\t\t\t\t<div class=\"elementor-container elementor-column-gap-default\">\n\t\t\t\t\t<div class=\"elementor-column elementor-col-100 elementor-top-column elementor-element elementor-element-869c36d\" data-id=\"869c36d\" data-element_type=\"column\" data-e-type=\"column\">\n\t\t\t<div class=\"elementor-widget-wrap elementor-element-populated\">\n\t\t\t\t\t\t<div class=\"elementor-element elementor-element-3a8683e elementor-widget elementor-widget-heading\" data-id=\"3a8683e\" data-element_type=\"widget\" data-e-type=\"widget\" data-widget_type=\"heading.default\">\n\t\t\t\t<div class=\"elementor-widget-container\">\n\t\t\t\t\t<h2 class=\"elementor-heading-title elementor-size-default\"><span style=\", sans-serif;font-size: 20px;white-space: normal\">Nicol\u00e1s es un Sitio web creado por y para tu servicio<\/span><span style=\", sans-serif;font-size: 20px;white-space: normal\">. Est\u00e1 dedicado a la inform\u00e1tica y programaci\u00f3n de p\u00e1ginas web. Intentando ayudar a las personas que empiezan en este Mundo maravilloso de la programaci\u00f3n para Internet.<\/span><\/h2>\t\t\t\t<\/div>\n\t\t\t\t<\/div>\n\t\t\t\t\t<\/div>\n\t\t<\/div>\n\t\t\t\t\t<\/div>\n\t\t<\/section>\n\t\t\t\t<section class=\"elementor-section elementor-top-section elementor-element elementor-element-b97e1fc elementor-section-boxed elementor-section-height-default elementor-section-height-default\" data-id=\"b97e1fc\" data-element_type=\"section\" data-e-type=\"section\">\n\t\t\t\t\t\t<div class=\"elementor-container elementor-column-gap-default\">\n\t\t\t\t\t<div class=\"elementor-column elementor-col-100 elementor-top-column elementor-element elementor-element-6ded675\" data-id=\"6ded675\" data-element_type=\"column\" data-e-type=\"column\">\n\t\t\t<div class=\"elementor-widget-wrap elementor-element-populated\">\n\t\t\t\t\t\t<div class=\"elementor-element elementor-element-11bfef3 elementor-widget elementor-widget-heading\" data-id=\"11bfef3\" data-element_type=\"widget\" data-e-type=\"widget\" data-widget_type=\"heading.default\">\n\t\t\t\t<div class=\"elementor-widget-container\">\n\t\t\t\t\t<h2 class=\"elementor-heading-title elementor-size-default\">NICOL\u00c1S O\u00d1ATE MADRID<\/h2>\t\t\t\t<\/div>\n\t\t\t\t<\/div>\n\t\t\t\t\t<\/div>\n\t\t<\/div>\n\t\t\t\t\t<\/div>\n\t\t<\/section>\n\t\t\t\t<section class=\"elementor-section elementor-top-section elementor-element elementor-element-89684f3 elementor-section-boxed elementor-section-height-default elementor-section-height-default\" data-id=\"89684f3\" data-element_type=\"section\" data-e-type=\"section\">\n\t\t\t\t\t\t<div class=\"elementor-container elementor-column-gap-default\">\n\t\t\t\t\t<div class=\"elementor-column elementor-col-100 elementor-top-column elementor-element elementor-element-56fdafd\" data-id=\"56fdafd\" data-element_type=\"column\" data-e-type=\"column\">\n\t\t\t<div class=\"elementor-widget-wrap elementor-element-populated\">\n\t\t\t\t\t\t<div class=\"elementor-element elementor-element-a67aa16 elementor-widget elementor-widget-image\" data-id=\"a67aa16\" data-element_type=\"widget\" data-e-type=\"widget\" data-widget_type=\"image.default\">\n\t\t\t\t<div class=\"elementor-widget-container\">\n\t\t\t\t\t\t\t\t\t\t\t\t<figure class=\"wp-caption\">\n\t\t\t\t\t\t\t\t\t\t\t<a href=\"https:\/\/nicol\u00e1s.es\/nicolasom\/\">\n\t\t\t\t\t\t\t<img fetchpriority=\"high\" decoding=\"async\" width=\"251\" height=\"300\" src=\"https:\/\/xn--nicols-tta.es\/wordpress\/multisite\/temas\/itnicolas\/wp-content\/uploads\/sites\/6\/2022\/08\/PSX_20220826_220259-1-251x300.jpg\" class=\"attachment-medium size-medium wp-image-8179\" alt=\"\" srcset=\"https:\/\/xn--nicols-tta.es\/wordpress\/multisite\/temas\/itnicolas\/wp-content\/uploads\/sites\/6\/2022\/08\/PSX_20220826_220259-1-251x300.jpg 251w, https:\/\/xn--nicols-tta.es\/wordpress\/multisite\/temas\/itnicolas\/wp-content\/uploads\/sites\/6\/2022\/08\/PSX_20220826_220259-1-855x1024.jpg 855w, https:\/\/xn--nicols-tta.es\/wordpress\/multisite\/temas\/itnicolas\/wp-content\/uploads\/sites\/6\/2022\/08\/PSX_20220826_220259-1-768x919.jpg 768w, https:\/\/xn--nicols-tta.es\/wordpress\/multisite\/temas\/itnicolas\/wp-content\/uploads\/sites\/6\/2022\/08\/PSX_20220826_220259-1-1283x1536.jpg 1283w, https:\/\/xn--nicols-tta.es\/wordpress\/multisite\/temas\/itnicolas\/wp-content\/uploads\/sites\/6\/2022\/08\/PSX_20220826_220259-1.jpg 1604w\" sizes=\"(max-width: 251px) 100vw, 251px\" \/>\t\t\t\t\t\t\t\t<\/a>\n\t\t\t\t\t\t\t\t\t\t\t<figcaption class=\"widget-image-caption wp-caption-text\">Administrador <\/figcaption>\n\t\t\t\t\t\t\t\t\t\t<\/figure>\n\t\t\t\t\t\t\t\t\t<\/div>\n\t\t\t\t<\/div>\n\t\t\t\t\t<\/div>\n\t\t<\/div>\n\t\t\t\t\t<\/div>\n\t\t<\/section>\n\t\t\t\t<section class=\"elementor-section elementor-top-section elementor-element elementor-element-2e0489c elementor-section-boxed elementor-section-height-default elementor-section-height-default\" data-id=\"2e0489c\" data-element_type=\"section\" data-e-type=\"section\">\n\t\t\t\t\t\t<div class=\"elementor-container elementor-column-gap-default\">\n\t\t\t\t\t<div class=\"elementor-column elementor-col-100 elementor-top-column elementor-element elementor-element-a7993c5\" data-id=\"a7993c5\" data-element_type=\"column\" data-e-type=\"column\">\n\t\t\t<div class=\"elementor-widget-wrap elementor-element-populated\">\n\t\t\t\t\t\t<div class=\"elementor-element elementor-element-84a911b elementor-widget elementor-widget-heading\" data-id=\"84a911b\" data-element_type=\"widget\" data-e-type=\"widget\" data-widget_type=\"heading.default\">\n\t\t\t\t<div class=\"elementor-widget-container\">\n\t\t\t\t\t<h3 class=\"elementor-heading-title elementor-size-default\"><a href=\"https:\/\/nicol\u00e1s.es\/nicolasom\/\">M\u00c1S INFORMACI\u00d3N SOBRE NICOL\u00c1S<\/a><\/h3>\t\t\t\t<\/div>\n\t\t\t\t<\/div>\n\t\t\t\t\t<\/div>\n\t\t<\/div>\n\t\t\t\t\t<\/div>\n\t\t<\/section>\n\t\t\t\t<\/div>\n\t\t","protected":false},"excerpt":{"rendered":"<p>\u00bfQu\u00e9 es&nbsp;Nicol\u00e1s&nbsp;? Nicol\u00e1s es un Sitio web creado por y para tu servicio. Est\u00e1 dedicado a la inform\u00e1tica y programaci\u00f3n de p\u00e1ginas web. Intentando ayudar a las personas que empiezan en este Mundo maravilloso de la programaci\u00f3n para Internet. NICOL\u00c1S O\u00d1ATE MADRID Administrador M\u00c1S INFORMACI\u00d3N SOBRE NICOL\u00c1S<\/p>\n","protected":false},"author":1,"featured_media":7492,"parent":0,"menu_order":0,"comment_status":"closed","ping_status":"closed","template":"templates\/template-page-full-width.php","meta":{"footnotes":""},"class_list":["post-208","page","type-page","status-publish","has-post-thumbnail","hentry"],"yoast_head":"<!-- This site is optimized with the Yoast SEO plugin v27.4 - https:\/\/yoast.com\/product\/yoast-seo-wordpress\/ -->\n<title>Acerca de Nosotros - ITNicol\u00e1s<\/title>\n<meta name=\"robots\" content=\"index, follow, max-snippet:-1, max-image-preview:large, max-video-preview:-1\" \/>\n<link rel=\"canonical\" href=\"https:\/\/xn--nicols-tta.es\/wordpress\/multisite\/temas\/itnicolas\/acerca-de\/\" \/>\n<meta property=\"og:locale\" content=\"es_ES\" \/>\n<meta property=\"og:type\" content=\"article\" \/>\n<meta property=\"og:title\" content=\"Acerca de Nosotros - ITNicol\u00e1s\" \/>\n<meta property=\"og:description\" content=\"\u00bfQu\u00e9 es&nbsp;Nicol\u00e1s&nbsp;? Nicol\u00e1s es un Sitio web creado por y para tu servicio. Est\u00e1 dedicado a la inform\u00e1tica y programaci\u00f3n de p\u00e1ginas web. Intentando ayudar a las personas que empiezan en este Mundo maravilloso de la programaci\u00f3n para Internet. NICOL\u00c1S O\u00d1ATE MADRID Administrador M\u00c1S INFORMACI\u00d3N SOBRE NICOL\u00c1S\" \/>\n<meta property=\"og:url\" content=\"https:\/\/xn--nicols-tta.es\/wordpress\/multisite\/temas\/itnicolas\/acerca-de\/\" \/>\n<meta property=\"og:site_name\" content=\"ITNicol\u00e1s\" \/>\n<meta property=\"og:image\" content=\"https:\/\/xn--nicols-tta.es\/wordpress\/multisite\/temas\/itnicolas\/wp-content\/uploads\/sites\/6\/2021\/12\/gallery-9.jpg\" \/>\n\t<meta property=\"og:image:width\" content=\"850\" \/>\n\t<meta property=\"og:image:height\" content=\"710\" \/>\n\t<meta property=\"og:image:type\" content=\"image\/jpeg\" \/>\n<meta name=\"twitter:card\" content=\"summary_large_image\" \/>\n<meta name=\"twitter:label1\" content=\"Tiempo de lectura\" \/>\n\t<meta name=\"twitter:data1\" content=\"1 minuto\" \/>\n<script type=\"application\/ld+json\" class=\"yoast-schema-graph\">{\"@context\":\"https:\\\/\\\/schema.org\",\"@graph\":[{\"@type\":\"WebPage\",\"@id\":\"https:\\\/\\\/xn--nicols-tta.es\\\/wordpress\\\/multisite\\\/temas\\\/itnicolas\\\/acerca-de\\\/\",\"url\":\"https:\\\/\\\/xn--nicols-tta.es\\\/wordpress\\\/multisite\\\/temas\\\/itnicolas\\\/acerca-de\\\/\",\"name\":\"Acerca de Nosotros - ITNicol\u00e1s\",\"isPartOf\":{\"@id\":\"https:\\\/\\\/xn--nicols-tta.es\\\/wordpress\\\/multisite\\\/temas\\\/itnicolas\\\/#website\"},\"primaryImageOfPage\":{\"@id\":\"https:\\\/\\\/xn--nicols-tta.es\\\/wordpress\\\/multisite\\\/temas\\\/itnicolas\\\/acerca-de\\\/#primaryimage\"},\"image\":{\"@id\":\"https:\\\/\\\/xn--nicols-tta.es\\\/wordpress\\\/multisite\\\/temas\\\/itnicolas\\\/acerca-de\\\/#primaryimage\"},\"thumbnailUrl\":\"https:\\\/\\\/xn--nicols-tta.es\\\/wordpress\\\/multisite\\\/temas\\\/itnicolas\\\/wp-content\\\/uploads\\\/sites\\\/6\\\/2021\\\/12\\\/gallery-9.jpg\",\"datePublished\":\"2021-09-10T16:22:13+00:00\",\"breadcrumb\":{\"@id\":\"https:\\\/\\\/xn--nicols-tta.es\\\/wordpress\\\/multisite\\\/temas\\\/itnicolas\\\/acerca-de\\\/#breadcrumb\"},\"inLanguage\":\"es\",\"potentialAction\":[{\"@type\":\"ReadAction\",\"target\":[\"https:\\\/\\\/xn--nicols-tta.es\\\/wordpress\\\/multisite\\\/temas\\\/itnicolas\\\/acerca-de\\\/\"]}]},{\"@type\":\"ImageObject\",\"inLanguage\":\"es\",\"@id\":\"https:\\\/\\\/xn--nicols-tta.es\\\/wordpress\\\/multisite\\\/temas\\\/itnicolas\\\/acerca-de\\\/#primaryimage\",\"url\":\"https:\\\/\\\/xn--nicols-tta.es\\\/wordpress\\\/multisite\\\/temas\\\/itnicolas\\\/wp-content\\\/uploads\\\/sites\\\/6\\\/2021\\\/12\\\/gallery-9.jpg\",\"contentUrl\":\"https:\\\/\\\/xn--nicols-tta.es\\\/wordpress\\\/multisite\\\/temas\\\/itnicolas\\\/wp-content\\\/uploads\\\/sites\\\/6\\\/2021\\\/12\\\/gallery-9.jpg\",\"width\":850,\"height\":710},{\"@type\":\"BreadcrumbList\",\"@id\":\"https:\\\/\\\/xn--nicols-tta.es\\\/wordpress\\\/multisite\\\/temas\\\/itnicolas\\\/acerca-de\\\/#breadcrumb\",\"itemListElement\":[{\"@type\":\"ListItem\",\"position\":1,\"name\":\"Portada\",\"item\":\"https:\\\/\\\/xn--nicols-tta.es\\\/wordpress\\\/multisite\\\/temas\\\/itnicolas\\\/\"},{\"@type\":\"ListItem\",\"position\":2,\"name\":\"Acerca de Nosotros\"}]},{\"@type\":\"WebSite\",\"@id\":\"https:\\\/\\\/xn--nicols-tta.es\\\/wordpress\\\/multisite\\\/temas\\\/itnicolas\\\/#website\",\"url\":\"https:\\\/\\\/xn--nicols-tta.es\\\/wordpress\\\/multisite\\\/temas\\\/itnicolas\\\/\",\"name\":\"ITNicol\u00e1s\",\"description\":\"Desarrollo Web y M\u00e1s...\",\"potentialAction\":[{\"@type\":\"SearchAction\",\"target\":{\"@type\":\"EntryPoint\",\"urlTemplate\":\"https:\\\/\\\/xn--nicols-tta.es\\\/wordpress\\\/multisite\\\/temas\\\/itnicolas\\\/?s={search_term_string}\"},\"query-input\":{\"@type\":\"PropertyValueSpecification\",\"valueRequired\":true,\"valueName\":\"search_term_string\"}}],\"inLanguage\":\"es\"}]}<\/script>\n<!-- \/ Yoast SEO plugin. -->","yoast_head_json":{"title":"Acerca de Nosotros - ITNicol\u00e1s","robots":{"index":"index","follow":"follow","max-snippet":"max-snippet:-1","max-image-preview":"max-image-preview:large","max-video-preview":"max-video-preview:-1"},"canonical":"https:\/\/xn--nicols-tta.es\/wordpress\/multisite\/temas\/itnicolas\/acerca-de\/","og_locale":"es_ES","og_type":"article","og_title":"Acerca de Nosotros - ITNicol\u00e1s","og_description":"\u00bfQu\u00e9 es&nbsp;Nicol\u00e1s&nbsp;? Nicol\u00e1s es un Sitio web creado por y para tu servicio. Est\u00e1 dedicado a la inform\u00e1tica y programaci\u00f3n de p\u00e1ginas web. Intentando ayudar a las personas que empiezan en este Mundo maravilloso de la programaci\u00f3n para Internet. NICOL\u00c1S O\u00d1ATE MADRID Administrador M\u00c1S INFORMACI\u00d3N SOBRE NICOL\u00c1S","og_url":"https:\/\/xn--nicols-tta.es\/wordpress\/multisite\/temas\/itnicolas\/acerca-de\/","og_site_name":"ITNicol\u00e1s","og_image":[{"width":850,"height":710,"url":"https:\/\/xn--nicols-tta.es\/wordpress\/multisite\/temas\/itnicolas\/wp-content\/uploads\/sites\/6\/2021\/12\/gallery-9.jpg","type":"image\/jpeg"}],"twitter_card":"summary_large_image","twitter_misc":{"Tiempo de lectura":"1 minuto"},"schema":{"@context":"https:\/\/schema.org","@graph":[{"@type":"WebPage","@id":"https:\/\/xn--nicols-tta.es\/wordpress\/multisite\/temas\/itnicolas\/acerca-de\/","url":"https:\/\/xn--nicols-tta.es\/wordpress\/multisite\/temas\/itnicolas\/acerca-de\/","name":"Acerca de Nosotros - ITNicol\u00e1s","isPartOf":{"@id":"https:\/\/xn--nicols-tta.es\/wordpress\/multisite\/temas\/itnicolas\/#website"},"primaryImageOfPage":{"@id":"https:\/\/xn--nicols-tta.es\/wordpress\/multisite\/temas\/itnicolas\/acerca-de\/#primaryimage"},"image":{"@id":"https:\/\/xn--nicols-tta.es\/wordpress\/multisite\/temas\/itnicolas\/acerca-de\/#primaryimage"},"thumbnailUrl":"https:\/\/xn--nicols-tta.es\/wordpress\/multisite\/temas\/itnicolas\/wp-content\/uploads\/sites\/6\/2021\/12\/gallery-9.jpg","datePublished":"2021-09-10T16:22:13+00:00","breadcrumb":{"@id":"https:\/\/xn--nicols-tta.es\/wordpress\/multisite\/temas\/itnicolas\/acerca-de\/#breadcrumb"},"inLanguage":"es","potentialAction":[{"@type":"ReadAction","target":["https:\/\/xn--nicols-tta.es\/wordpress\/multisite\/temas\/itnicolas\/acerca-de\/"]}]},{"@type":"ImageObject","inLanguage":"es","@id":"https:\/\/xn--nicols-tta.es\/wordpress\/multisite\/temas\/itnicolas\/acerca-de\/#primaryimage","url":"https:\/\/xn--nicols-tta.es\/wordpress\/multisite\/temas\/itnicolas\/wp-content\/uploads\/sites\/6\/2021\/12\/gallery-9.jpg","contentUrl":"https:\/\/xn--nicols-tta.es\/wordpress\/multisite\/temas\/itnicolas\/wp-content\/uploads\/sites\/6\/2021\/12\/gallery-9.jpg","width":850,"height":710},{"@type":"BreadcrumbList","@id":"https:\/\/xn--nicols-tta.es\/wordpress\/multisite\/temas\/itnicolas\/acerca-de\/#breadcrumb","itemListElement":[{"@type":"ListItem","position":1,"name":"Portada","item":"https:\/\/xn--nicols-tta.es\/wordpress\/multisite\/temas\/itnicolas\/"},{"@type":"ListItem","position":2,"name":"Acerca de Nosotros"}]},{"@type":"WebSite","@id":"https:\/\/xn--nicols-tta.es\/wordpress\/multisite\/temas\/itnicolas\/#website","url":"https:\/\/xn--nicols-tta.es\/wordpress\/multisite\/temas\/itnicolas\/","name":"ITNicol\u00e1s","description":"Desarrollo Web y M\u00e1s...","potentialAction":[{"@type":"SearchAction","target":{"@type":"EntryPoint","urlTemplate":"https:\/\/xn--nicols-tta.es\/wordpress\/multisite\/temas\/itnicolas\/?s={search_term_string}"},"query-input":{"@type":"PropertyValueSpecification","valueRequired":true,"valueName":"search_term_string"}}],"inLanguage":"es"}]}},"_links":{"self":[{"href":"https:\/\/xn--nicols-tta.es\/wordpress\/multisite\/temas\/itnicolas\/wp-json\/wp\/v2\/pages\/208","targetHints":{"allow":["GET"]}}],"collection":[{"href":"https:\/\/xn--nicols-tta.es\/wordpress\/multisite\/temas\/itnicolas\/wp-json\/wp\/v2\/pages"}],"about":[{"href":"https:\/\/xn--nicols-tta.es\/wordpress\/multisite\/temas\/itnicolas\/wp-json\/wp\/v2\/types\/page"}],"author":[{"embeddable":true,"href":"https:\/\/xn--nicols-tta.es\/wordpress\/multisite\/temas\/itnicolas\/wp-json\/wp\/v2\/users\/1"}],"replies":[{"embeddable":true,"href":"https:\/\/xn--nicols-tta.es\/wordpress\/multisite\/temas\/itnicolas\/wp-json\/wp\/v2\/comments?post=208"}],"version-history":[{"count":0,"href":"https:\/\/xn--nicols-tta.es\/wordpress\/multisite\/temas\/itnicolas\/wp-json\/wp\/v2\/pages\/208\/revisions"}],"wp:featuredmedia":[{"embeddable":true,"href":"https:\/\/xn--nicols-tta.es\/wordpress\/multisite\/temas\/itnicolas\/wp-json\/wp\/v2\/media\/7492"}],"wp:attachment":[{"href":"https:\/\/xn--nicols-tta.es\/wordpress\/multisite\/temas\/itnicolas\/wp-json\/wp\/v2\/media?parent=208"}],"curies":[{"name":"wp","href":"https:\/\/api.w.org\/{rel}","templated":true}]}}