{"id":10152,"date":"2021-08-31T20:01:51","date_gmt":"2021-08-31T20:01:51","guid":{"rendered":"https:\/\/xn--nicols-tta.es\/?page_id=3"},"modified":"2021-08-31T20:01:51","modified_gmt":"2021-08-31T20:01:51","slug":"politica-de-privacidad","status":"publish","type":"page","link":"https:\/\/xn--nicols-tta.es\/wordpress\/multisite\/temas\/itnicolas\/politica-de-privacidad\/","title":{"rendered":"Pol\u00edtica de privacidad"},"content":{"rendered":"\n<h2 class=\"wp-block-heading\">Quienes somos<\/h2>\n\n\n\n<p>La direcci\u00f3n de nuestro sitio web es:<a href=\"https:\/\/nicol\u00e1s.es\"> https:\/\/nicol\u00e1s.es<\/a>.<\/p>\n\n\n\n<h2 class=\"wp-block-heading\">Comentarios<\/h2>\n\n\n\n<p>Cuando los visitantes dejan comentarios en el sitio, recopilamos los datos que se muestran en el formulario de comentarios, y tambi\u00e9n la direcci\u00f3n IP del visitante y la cadena del agente de usuario del navegador para ayudar a la detecci\u00f3n de spam.<\/p>\n\n\n\n<p>Se puede proporcionar una cadena an\u00f3nima creada a partir de su direcci\u00f3n de correo electr\u00f3nico (tambi\u00e9n llamada hash) al servicio Gravatar para ver si la est\u00e1 utilizando.&nbsp;La pol\u00edtica de privacidad del servicio Gravatar est\u00e1 disponible aqu\u00ed: https:\/\/automattic.com\/privacy\/.&nbsp;Despu\u00e9s de la aprobaci\u00f3n de su comentario, su foto de perfil es visible para el p\u00fablico en el contexto de su comentario.<\/p>\n\n\n\n<h2 class=\"wp-block-heading\">Media<\/h2>\n\n\n\n<p>Si carga im\u00e1genes en el sitio web, debe evitar cargar im\u00e1genes con datos de ubicaci\u00f3n incrustados (GPS EXIF) incluidos.&nbsp;Los visitantes del sitio web pueden descargar y extraer los datos de ubicaci\u00f3n de las im\u00e1genes del sitio web.<\/p>\n\n\n\n<h2 class=\"wp-block-heading\">Cookies<\/h2>\n\n\n\n<p>Si deja un comentario en nuestro sitio, puede optar por guardar su nombre, direcci\u00f3n de correo electr\u00f3nico y sitio web en cookies.&nbsp;Estos son para su conveniencia para que no tenga que volver a completar sus datos cuando deje otro comentario.&nbsp;Estas cookies durar\u00e1n un a\u00f1o.<\/p>\n\n\n\n<p>Si visita nuestra p\u00e1gina de inicio de sesi\u00f3n, configuraremos una cookie temporal para determinar si su navegador acepta cookies.&nbsp;Esta cookie no contiene datos personales y se descarta cuando cierra su navegador.<\/p>\n\n\n\n<p>Cuando inicie sesi\u00f3n, tambi\u00e9n configuraremos varias cookies para guardar su informaci\u00f3n de inicio de sesi\u00f3n y sus opciones de visualizaci\u00f3n de pantalla.&nbsp;Las cookies de inicio de sesi\u00f3n duran dos d\u00edas y las cookies de opciones de pantalla duran un a\u00f1o.&nbsp;Si selecciona \u00abRecordarme\u00bb, su inicio de sesi\u00f3n se mantendr\u00e1 durante dos semanas.&nbsp;Si cierra sesi\u00f3n en su cuenta, se eliminar\u00e1n las cookies de inicio de sesi\u00f3n.<\/p>\n\n\n\n<p>Si edita o publica un art\u00edculo, se guardar\u00e1 una cookie adicional en su navegador.&nbsp;Esta cookie no incluye datos personales y simplemente indica el ID de publicaci\u00f3n del art\u00edculo que acaba de editar.&nbsp;Caduca despu\u00e9s de 1 d\u00eda.<\/p>\n\n\n\n<h2 class=\"wp-block-heading\">Contenido incrustado de otros sitios web<\/h2>\n\n\n\n<p><strong>Los<\/strong>&nbsp;art\u00edculos de este sitio pueden incluir contenido incrustado (por ejemplo, videos, im\u00e1genes, art\u00edculos, etc.).&nbsp;El contenido incrustado de otros sitios web se comporta exactamente de la misma manera que si el visitante hubiera visitado el otro sitio web.<\/p>\n\n\n\n<p>Estos sitios web pueden recopilar datos sobre usted, utilizar cookies, incrustar un seguimiento adicional de terceros y supervisar su interacci\u00f3n con ese contenido incrustado, incluido el seguimiento de su interacci\u00f3n con el contenido incrustado si tiene una cuenta y ha iniciado sesi\u00f3n en ese sitio web.<\/p>\n\n\n\n<h2 class=\"wp-block-heading\">Con qui\u00e9n compartimos sus datos<\/h2>\n\n\n\n<p>Si solicita un restablecimiento de contrase\u00f1a, su direcci\u00f3n IP se incluir\u00e1 en el correo electr\u00f3nico de restablecimiento.<\/p>\n\n\n\n<h2 class=\"wp-block-heading\">Cu\u00e1nto tiempo conservamos sus datos<\/h2>\n\n\n\n<p>Si deja un comentario, el comentario y sus metadatos se conservan indefinidamente.&nbsp;Esto es para que podamos reconocer y aprobar cualquier comentario de seguimiento autom\u00e1ticamente en lugar de mantenerlos en una cola de moderaci\u00f3n.<\/p>\n\n\n\n<p>Para los usuarios que se registran en nuestro sitio web (si corresponde), tambi\u00e9n almacenamos la informaci\u00f3n personal que proporcionan en su perfil de usuario.&nbsp;Todos los usuarios pueden ver, editar o eliminar su informaci\u00f3n personal en cualquier momento (excepto que no pueden cambiar su nombre de usuario).&nbsp;Los administradores del sitio web tambi\u00e9n pueden ver y editar esa informaci\u00f3n.<\/p>\n\n\n\n<h2 class=\"wp-block-heading\">Que derechos tienes sobre tus datos<\/h2>\n\n\n\n<p>Si tiene una cuenta en este sitio o ha dejado comentarios, puede solicitar recibir un archivo exportado de los datos personales que tenemos sobre usted, incluidos los datos que nos haya proporcionado.&nbsp;Tambi\u00e9n puede solicitar que borremos cualquier dato personal que tengamos sobre usted.&nbsp;Esto no incluye ning\u00fan dato que estemos obligados a conservar con fines administrativos, legales o de seguridad.<\/p>\n\n\n\n<h2 class=\"wp-block-heading\">A donde enviamos sus datos<\/h2>\n\n\n\n<p><strong>Los<\/strong>&nbsp;comentarios de los visitantes pueden verificarse a trav\u00e9s de un servicio de detecci\u00f3n autom\u00e1tica de spam.<\/p>\n","protected":false},"excerpt":{"rendered":"<p>Quienes somos La direcci\u00f3n de nuestro sitio web es: https:\/\/nicol\u00e1s.es. Comentarios Cuando los visitantes dejan comentarios en el sitio, recopilamos los datos que se muestran en el formulario de comentarios, y tambi\u00e9n la direcci\u00f3n IP del visitante y la cadena del agente de usuario del navegador para ayudar a la detecci\u00f3n de spam. Se puede [&hellip;]<\/p>\n","protected":false},"author":1,"featured_media":6683,"parent":0,"menu_order":0,"comment_status":"closed","ping_status":"open","template":"templates\/template-page-full-width.php","meta":{"footnotes":""},"class_list":["post-10152","page","type-page","status-publish","has-post-thumbnail","hentry"],"yoast_head":"<!-- This site is optimized with the Yoast SEO plugin v27.4 - https:\/\/yoast.com\/product\/yoast-seo-wordpress\/ -->\n<title>Pol\u00edtica de privacidad - ITNicol\u00e1s<\/title>\n<meta name=\"robots\" content=\"index, follow, max-snippet:-1, max-image-preview:large, max-video-preview:-1\" \/>\n<link rel=\"canonical\" href=\"https:\/\/xn--nicols-tta.es\/wordpress\/multisite\/temas\/itnicolas\/politica-de-privacidad\/\" \/>\n<meta property=\"og:locale\" content=\"es_ES\" \/>\n<meta property=\"og:type\" content=\"article\" \/>\n<meta property=\"og:title\" content=\"Pol\u00edtica de privacidad - ITNicol\u00e1s\" \/>\n<meta property=\"og:description\" content=\"Quienes somos La direcci\u00f3n de nuestro sitio web es: https:\/\/nicol\u00e1s.es. Comentarios Cuando los visitantes dejan comentarios en el sitio, recopilamos los datos que se muestran en el formulario de comentarios, y tambi\u00e9n la direcci\u00f3n IP del visitante y la cadena del agente de usuario del navegador para ayudar a la detecci\u00f3n de spam. Se puede [&hellip;]\" \/>\n<meta property=\"og:url\" content=\"https:\/\/xn--nicols-tta.es\/wordpress\/multisite\/temas\/itnicolas\/politica-de-privacidad\/\" \/>\n<meta property=\"og:site_name\" content=\"ITNicol\u00e1s\" \/>\n<meta property=\"og:image\" content=\"https:\/\/xn--nicols-tta.es\/wordpress\/multisite\/temas\/itnicolas\/wp-content\/uploads\/sites\/6\/2020\/12\/07_aviso_legal_maria.jpg\" \/>\n\t<meta property=\"og:image:width\" content=\"1367\" \/>\n\t<meta property=\"og:image:height\" content=\"774\" \/>\n\t<meta property=\"og:image:type\" content=\"image\/jpeg\" \/>\n<meta name=\"twitter:card\" content=\"summary_large_image\" \/>\n<meta name=\"twitter:label1\" content=\"Tiempo de lectura\" \/>\n\t<meta name=\"twitter:data1\" content=\"3 minutos\" \/>\n<script type=\"application\/ld+json\" class=\"yoast-schema-graph\">{\"@context\":\"https:\\\/\\\/schema.org\",\"@graph\":[{\"@type\":\"WebPage\",\"@id\":\"https:\\\/\\\/xn--nicols-tta.es\\\/wordpress\\\/multisite\\\/temas\\\/itnicolas\\\/politica-de-privacidad\\\/\",\"url\":\"https:\\\/\\\/xn--nicols-tta.es\\\/wordpress\\\/multisite\\\/temas\\\/itnicolas\\\/politica-de-privacidad\\\/\",\"name\":\"Pol\u00edtica de privacidad - ITNicol\u00e1s\",\"isPartOf\":{\"@id\":\"https:\\\/\\\/xn--nicols-tta.es\\\/wordpress\\\/multisite\\\/temas\\\/itnicolas\\\/#website\"},\"primaryImageOfPage\":{\"@id\":\"https:\\\/\\\/xn--nicols-tta.es\\\/wordpress\\\/multisite\\\/temas\\\/itnicolas\\\/politica-de-privacidad\\\/#primaryimage\"},\"image\":{\"@id\":\"https:\\\/\\\/xn--nicols-tta.es\\\/wordpress\\\/multisite\\\/temas\\\/itnicolas\\\/politica-de-privacidad\\\/#primaryimage\"},\"thumbnailUrl\":\"https:\\\/\\\/xn--nicols-tta.es\\\/wordpress\\\/multisite\\\/temas\\\/itnicolas\\\/wp-content\\\/uploads\\\/sites\\\/6\\\/2020\\\/12\\\/07_aviso_legal_maria.jpg\",\"datePublished\":\"2021-08-31T20:01:51+00:00\",\"breadcrumb\":{\"@id\":\"https:\\\/\\\/xn--nicols-tta.es\\\/wordpress\\\/multisite\\\/temas\\\/itnicolas\\\/politica-de-privacidad\\\/#breadcrumb\"},\"inLanguage\":\"es\",\"potentialAction\":[{\"@type\":\"ReadAction\",\"target\":[\"https:\\\/\\\/xn--nicols-tta.es\\\/wordpress\\\/multisite\\\/temas\\\/itnicolas\\\/politica-de-privacidad\\\/\"]}]},{\"@type\":\"ImageObject\",\"inLanguage\":\"es\",\"@id\":\"https:\\\/\\\/xn--nicols-tta.es\\\/wordpress\\\/multisite\\\/temas\\\/itnicolas\\\/politica-de-privacidad\\\/#primaryimage\",\"url\":\"https:\\\/\\\/xn--nicols-tta.es\\\/wordpress\\\/multisite\\\/temas\\\/itnicolas\\\/wp-content\\\/uploads\\\/sites\\\/6\\\/2020\\\/12\\\/07_aviso_legal_maria.jpg\",\"contentUrl\":\"https:\\\/\\\/xn--nicols-tta.es\\\/wordpress\\\/multisite\\\/temas\\\/itnicolas\\\/wp-content\\\/uploads\\\/sites\\\/6\\\/2020\\\/12\\\/07_aviso_legal_maria.jpg\",\"width\":1367,\"height\":774},{\"@type\":\"BreadcrumbList\",\"@id\":\"https:\\\/\\\/xn--nicols-tta.es\\\/wordpress\\\/multisite\\\/temas\\\/itnicolas\\\/politica-de-privacidad\\\/#breadcrumb\",\"itemListElement\":[{\"@type\":\"ListItem\",\"position\":1,\"name\":\"Portada\",\"item\":\"https:\\\/\\\/xn--nicols-tta.es\\\/wordpress\\\/multisite\\\/temas\\\/itnicolas\\\/\"},{\"@type\":\"ListItem\",\"position\":2,\"name\":\"Pol\u00edtica de privacidad\"}]},{\"@type\":\"WebSite\",\"@id\":\"https:\\\/\\\/xn--nicols-tta.es\\\/wordpress\\\/multisite\\\/temas\\\/itnicolas\\\/#website\",\"url\":\"https:\\\/\\\/xn--nicols-tta.es\\\/wordpress\\\/multisite\\\/temas\\\/itnicolas\\\/\",\"name\":\"ITNicol\u00e1s\",\"description\":\"Desarrollo Web y M\u00e1s...\",\"potentialAction\":[{\"@type\":\"SearchAction\",\"target\":{\"@type\":\"EntryPoint\",\"urlTemplate\":\"https:\\\/\\\/xn--nicols-tta.es\\\/wordpress\\\/multisite\\\/temas\\\/itnicolas\\\/?s={search_term_string}\"},\"query-input\":{\"@type\":\"PropertyValueSpecification\",\"valueRequired\":true,\"valueName\":\"search_term_string\"}}],\"inLanguage\":\"es\"}]}<\/script>\n<!-- \/ Yoast SEO plugin. -->","yoast_head_json":{"title":"Pol\u00edtica de privacidad - ITNicol\u00e1s","robots":{"index":"index","follow":"follow","max-snippet":"max-snippet:-1","max-image-preview":"max-image-preview:large","max-video-preview":"max-video-preview:-1"},"canonical":"https:\/\/xn--nicols-tta.es\/wordpress\/multisite\/temas\/itnicolas\/politica-de-privacidad\/","og_locale":"es_ES","og_type":"article","og_title":"Pol\u00edtica de privacidad - ITNicol\u00e1s","og_description":"Quienes somos La direcci\u00f3n de nuestro sitio web es: https:\/\/nicol\u00e1s.es. Comentarios Cuando los visitantes dejan comentarios en el sitio, recopilamos los datos que se muestran en el formulario de comentarios, y tambi\u00e9n la direcci\u00f3n IP del visitante y la cadena del agente de usuario del navegador para ayudar a la detecci\u00f3n de spam. Se puede [&hellip;]","og_url":"https:\/\/xn--nicols-tta.es\/wordpress\/multisite\/temas\/itnicolas\/politica-de-privacidad\/","og_site_name":"ITNicol\u00e1s","og_image":[{"width":1367,"height":774,"url":"https:\/\/xn--nicols-tta.es\/wordpress\/multisite\/temas\/itnicolas\/wp-content\/uploads\/sites\/6\/2020\/12\/07_aviso_legal_maria.jpg","type":"image\/jpeg"}],"twitter_card":"summary_large_image","twitter_misc":{"Tiempo de lectura":"3 minutos"},"schema":{"@context":"https:\/\/schema.org","@graph":[{"@type":"WebPage","@id":"https:\/\/xn--nicols-tta.es\/wordpress\/multisite\/temas\/itnicolas\/politica-de-privacidad\/","url":"https:\/\/xn--nicols-tta.es\/wordpress\/multisite\/temas\/itnicolas\/politica-de-privacidad\/","name":"Pol\u00edtica de privacidad - ITNicol\u00e1s","isPartOf":{"@id":"https:\/\/xn--nicols-tta.es\/wordpress\/multisite\/temas\/itnicolas\/#website"},"primaryImageOfPage":{"@id":"https:\/\/xn--nicols-tta.es\/wordpress\/multisite\/temas\/itnicolas\/politica-de-privacidad\/#primaryimage"},"image":{"@id":"https:\/\/xn--nicols-tta.es\/wordpress\/multisite\/temas\/itnicolas\/politica-de-privacidad\/#primaryimage"},"thumbnailUrl":"https:\/\/xn--nicols-tta.es\/wordpress\/multisite\/temas\/itnicolas\/wp-content\/uploads\/sites\/6\/2020\/12\/07_aviso_legal_maria.jpg","datePublished":"2021-08-31T20:01:51+00:00","breadcrumb":{"@id":"https:\/\/xn--nicols-tta.es\/wordpress\/multisite\/temas\/itnicolas\/politica-de-privacidad\/#breadcrumb"},"inLanguage":"es","potentialAction":[{"@type":"ReadAction","target":["https:\/\/xn--nicols-tta.es\/wordpress\/multisite\/temas\/itnicolas\/politica-de-privacidad\/"]}]},{"@type":"ImageObject","inLanguage":"es","@id":"https:\/\/xn--nicols-tta.es\/wordpress\/multisite\/temas\/itnicolas\/politica-de-privacidad\/#primaryimage","url":"https:\/\/xn--nicols-tta.es\/wordpress\/multisite\/temas\/itnicolas\/wp-content\/uploads\/sites\/6\/2020\/12\/07_aviso_legal_maria.jpg","contentUrl":"https:\/\/xn--nicols-tta.es\/wordpress\/multisite\/temas\/itnicolas\/wp-content\/uploads\/sites\/6\/2020\/12\/07_aviso_legal_maria.jpg","width":1367,"height":774},{"@type":"BreadcrumbList","@id":"https:\/\/xn--nicols-tta.es\/wordpress\/multisite\/temas\/itnicolas\/politica-de-privacidad\/#breadcrumb","itemListElement":[{"@type":"ListItem","position":1,"name":"Portada","item":"https:\/\/xn--nicols-tta.es\/wordpress\/multisite\/temas\/itnicolas\/"},{"@type":"ListItem","position":2,"name":"Pol\u00edtica de privacidad"}]},{"@type":"WebSite","@id":"https:\/\/xn--nicols-tta.es\/wordpress\/multisite\/temas\/itnicolas\/#website","url":"https:\/\/xn--nicols-tta.es\/wordpress\/multisite\/temas\/itnicolas\/","name":"ITNicol\u00e1s","description":"Desarrollo Web y M\u00e1s...","potentialAction":[{"@type":"SearchAction","target":{"@type":"EntryPoint","urlTemplate":"https:\/\/xn--nicols-tta.es\/wordpress\/multisite\/temas\/itnicolas\/?s={search_term_string}"},"query-input":{"@type":"PropertyValueSpecification","valueRequired":true,"valueName":"search_term_string"}}],"inLanguage":"es"}]}},"_links":{"self":[{"href":"https:\/\/xn--nicols-tta.es\/wordpress\/multisite\/temas\/itnicolas\/wp-json\/wp\/v2\/pages\/10152","targetHints":{"allow":["GET"]}}],"collection":[{"href":"https:\/\/xn--nicols-tta.es\/wordpress\/multisite\/temas\/itnicolas\/wp-json\/wp\/v2\/pages"}],"about":[{"href":"https:\/\/xn--nicols-tta.es\/wordpress\/multisite\/temas\/itnicolas\/wp-json\/wp\/v2\/types\/page"}],"author":[{"embeddable":true,"href":"https:\/\/xn--nicols-tta.es\/wordpress\/multisite\/temas\/itnicolas\/wp-json\/wp\/v2\/users\/1"}],"replies":[{"embeddable":true,"href":"https:\/\/xn--nicols-tta.es\/wordpress\/multisite\/temas\/itnicolas\/wp-json\/wp\/v2\/comments?post=10152"}],"version-history":[{"count":0,"href":"https:\/\/xn--nicols-tta.es\/wordpress\/multisite\/temas\/itnicolas\/wp-json\/wp\/v2\/pages\/10152\/revisions"}],"wp:featuredmedia":[{"embeddable":true,"href":"https:\/\/xn--nicols-tta.es\/wordpress\/multisite\/temas\/itnicolas\/wp-json\/wp\/v2\/media\/6683"}],"wp:attachment":[{"href":"https:\/\/xn--nicols-tta.es\/wordpress\/multisite\/temas\/itnicolas\/wp-json\/wp\/v2\/media?parent=10152"}],"curies":[{"name":"wp","href":"https:\/\/api.w.org\/{rel}","templated":true}]}}