{"id":12972,"date":"2023-12-31T15:53:15","date_gmt":"2023-12-31T14:53:15","guid":{"rendered":"https:\/\/xn--nicols-tta.es\/temas_y_plugins\/nicopre\/\/?post_type=product&#038;p=12972"},"modified":"2023-12-31T15:54:45","modified_gmt":"2023-12-31T14:54:45","slug":"http-lo-minimo","status":"publish","type":"product","link":"https:\/\/xn--nicols-tta.es\/temas_y_plugins\/nicopre\/producto\/http-lo-minimo\/","title":{"rendered":"HTTP &#8211; Lo m\u00ednimo"},"content":{"rendered":"<h1 id=\"title\" class=\"a-spacing-none a-text-normal\" style=\"text-align: left;\"><span id=\"productTitle\" class=\"a-size-extra-large celwidget\" data-csa-c-id=\"es68ov-66l8mc-i0wu6f-gkx23g\" data-cel-widget=\"productTitle\">HTTP &#8211; Lo m\u00ednimo que todo desarrollador web debe saber<\/span><\/h1>\n<p><img fetchpriority=\"high\" decoding=\"async\" class=\"alignnone size-medium wp-image-12973\" src=\"https:\/\/xn--nicols-tta.es\/temas_y_plugins\/nicopre\/\/wp-content\/uploads\/2023\/12\/617xiSJ9wAL._SY342_-192x300.jpg\" alt=\"\" width=\"192\" height=\"300\" srcset=\"https:\/\/xn--nicols-tta.es\/temas_y_plugins\/nicopre\/wp-content\/uploads\/2023\/12\/617xiSJ9wAL._SY342_-192x300.jpg 192w, https:\/\/xn--nicols-tta.es\/temas_y_plugins\/nicopre\/wp-content\/uploads\/2023\/12\/617xiSJ9wAL._SY342_.jpg 219w\" sizes=\"(max-width: 192px) 100vw, 192px\" \/><\/p>\n<p style=\"text-align: left;\">Todo este recorrido tiene un comienzo y creo que, si usted est\u00e1 buscando ser un desarrollador web pero no sabe c\u00f3mo ni por d\u00f3nde comenzar, este libro puede ser su primer paso en este fant\u00e1stico viaje. Espero que este libro le ayude a alcanzar sus objetivos y a transformar sus sue\u00f1os en realidad.<\/p>\n","protected":false},"excerpt":{"rendered":"<h1 id=\"title\" class=\"a-spacing-none a-text-normal\" style=\"text-align: left;\"><span id=\"productTitle\" class=\"a-size-extra-large celwidget\" data-csa-c-id=\"es68ov-66l8mc-i0wu6f-gkx23g\" data-cel-widget=\"productTitle\">HTTP &#8211; Lo m\u00ednimo que todo desarrollador web debe saber<\/span><\/h1>\n<p><img fetchpriority=\"high\" decoding=\"async\" class=\"alignnone size-medium wp-image-12973\" src=\"https:\/\/xn--nicols-tta.es\/temas_y_plugins\/nicopre\/\/wp-content\/uploads\/2023\/12\/617xiSJ9wAL._SY342_-192x300.jpg\" alt=\"\" width=\"192\" height=\"300\" srcset=\"https:\/\/xn--nicols-tta.es\/temas_y_plugins\/nicopre\/wp-content\/uploads\/2023\/12\/617xiSJ9wAL._SY342_-192x300.jpg 192w, https:\/\/xn--nicols-tta.es\/temas_y_plugins\/nicopre\/wp-content\/uploads\/2023\/12\/617xiSJ9wAL._SY342_.jpg 219w\" sizes=\"(max-width: 192px) 100vw, 192px\" \/><\/p>\n<p style=\"text-align: left;\">Todo este recorrido tiene un comienzo y creo que, si usted est\u00e1 buscando ser un desarrollador web pero no sabe c\u00f3mo ni por d\u00f3nde comenzar, este libro puede ser su primer paso en este fant\u00e1stico viaje. Espero que este libro le ayude a alcanzar sus objetivos y a transformar sus sue\u00f1os en realidad.<\/p>\n","protected":false},"featured_media":12973,"comment_status":"open","ping_status":"closed","template":"","meta":[],"product_brand":[],"product_cat":[1146],"product_tag":[1158,1159,1150,1147,155,1149,1148],"class_list":{"0":"post-12972","1":"product","2":"type-product","3":"status-publish","4":"has-post-thumbnail","6":"product_cat-libros-de-programacion-informatica-2023","7":"product_tag-http","8":"product_tag-https","9":"product_tag-informatica","10":"product_tag-libros","11":"product_tag-ordenadores","12":"product_tag-programacion","13":"product_tag-tutoriales","15":"first","16":"instock","17":"sale","18":"shipping-taxable","19":"product-type-external"},"_links":{"self":[{"href":"https:\/\/xn--nicols-tta.es\/temas_y_plugins\/nicopre\/wp-json\/wp\/v2\/product\/12972","targetHints":{"allow":["GET"]}}],"collection":[{"href":"https:\/\/xn--nicols-tta.es\/temas_y_plugins\/nicopre\/wp-json\/wp\/v2\/product"}],"about":[{"href":"https:\/\/xn--nicols-tta.es\/temas_y_plugins\/nicopre\/wp-json\/wp\/v2\/types\/product"}],"replies":[{"embeddable":true,"href":"https:\/\/xn--nicols-tta.es\/temas_y_plugins\/nicopre\/wp-json\/wp\/v2\/comments?post=12972"}],"wp:featuredmedia":[{"embeddable":true,"href":"https:\/\/xn--nicols-tta.es\/temas_y_plugins\/nicopre\/wp-json\/wp\/v2\/media\/12973"}],"wp:attachment":[{"href":"https:\/\/xn--nicols-tta.es\/temas_y_plugins\/nicopre\/wp-json\/wp\/v2\/media?parent=12972"}],"wp:term":[{"taxonomy":"product_brand","embeddable":true,"href":"https:\/\/xn--nicols-tta.es\/temas_y_plugins\/nicopre\/wp-json\/wp\/v2\/product_brand?post=12972"},{"taxonomy":"product_cat","embeddable":true,"href":"https:\/\/xn--nicols-tta.es\/temas_y_plugins\/nicopre\/wp-json\/wp\/v2\/product_cat?post=12972"},{"taxonomy":"product_tag","embeddable":true,"href":"https:\/\/xn--nicols-tta.es\/temas_y_plugins\/nicopre\/wp-json\/wp\/v2\/product_tag?post=12972"}],"curies":[{"name":"wp","href":"https:\/\/api.w.org\/{rel}","templated":true}]}}