{"id":12940,"date":"2023-12-18T20:02:42","date_gmt":"2023-12-18T19:02:42","guid":{"rendered":"https:\/\/xn--nicols-tta.es\/temas_y_plugins\/nicopre\/\/?post_type=product&#038;p=12940"},"modified":"2023-12-18T20:19:46","modified_gmt":"2023-12-18T19:19:46","slug":"wordpress-desarrolle-con-php","status":"publish","type":"product","link":"https:\/\/xn--nicols-tta.es\/temas_y_plugins\/nicopre\/producto\/wordpress-desarrolle-con-php\/","title":{"rendered":"WORDPRESS DESARROLLE CON PHP"},"content":{"rendered":"<h1 class=\"text-h4 mb-2\" style=\"text-align: left;\" data-v-67c504fe=\"\">WORDPRESS DESARROLLE CON PHP<\/h1>\n<h3 class=\"text-h4 mb-2\" style=\"text-align: left;\">WORDPRESS<\/h3>\n<p class=\"mb-2 subtitle font-weight-normal text-md-h5 text-uppercase\" style=\"text-align: left;\">DESARROLLE CON PHP &#8211; EXTENSIONES, WIDGETS Y TEMAS AVANZADOS (TEOR\u00cdA, TP, RECURSOS) (2\u00aa EDICI\u00d3N)<\/p>\n<div class=\"text-h5 d-flex flex-wrap author mb-2 justify-center justify-sm-start\" data-v-1bd2f6e8=\"\" data-v-67c504fe=\"\">\n<div data-v-1bd2f6e8=\"\">\n<div class=\"grey--text text--darken-1 d-flex\" style=\"text-align: left;\" data-v-1bd2f6e8=\"\"><a href=\"https:\/\/www.ediciones-eni.com\/laurent-dumoulin\"><span data-v-1bd2f6e8=\"\">LAURENT DUMOULIN<\/span><\/a><\/div>\n<div data-v-1bd2f6e8=\"\"><\/div>\n<\/div>\n<\/div>\n<div data-v-1bd2f6e8=\"\"><\/div>\n<div class=\"text-h5 d-flex flex-wrap author mb-2 justify-center justify-sm-start\" data-v-1bd2f6e8=\"\" data-v-67c504fe=\"\">\n<div data-v-1bd2f6e8=\"\">\n<div data-v-1bd2f6e8=\"\"><img fetchpriority=\"high\" decoding=\"async\" class=\"alignleft wp-image-12941\" src=\"https:\/\/xn--nicols-tta.es\/temas_y_plugins\/nicopre\/\/wp-content\/uploads\/2023\/12\/9782409030840.jpg\" alt=\"\" width=\"307\" height=\"371\" \/><\/div>\n<div data-v-1bd2f6e8=\"\"><\/div>\n<h3 style=\"text-align: left;\">Sinopsis de WORDPRESS<\/h3>\n<h4 style=\"text-align: left;\">Este libro de WordPress (versi\u00f3n 5.4.1 en el momento de su escritura), est\u00e1 dirigido a desarrolladores profesionales, autodidactas y apasionados con conocimientos de PHP. Le permite comprender el funcionamiento de este CMS y adquirir un dominio del desarrollo de extensiones en PHP, siguiendo un aprendizaje progresivo.<\/h4>\n<\/div>\n<div data-v-1bd2f6e8=\"\">\n<div data-v-809af916=\"\" data-v-7fdc4342=\"\">\n<div class=\"text-container\" data-v-809af916=\"\">\n<div class=\"formated-text\" style=\"text-align: left;\" data-v-7fdc4342=\"\" data-v-809af916=\"\">El autor presenta la interacci\u00f3n entre PHP y el backoffice de CMS a trav\u00e9s de varios ejemplos, que evolucionan desde la programaci\u00f3n procedimental a la programaci\u00f3n orientada a objetos, mediante el uso de consultas SQL. A continuaci\u00f3n, presenta la interacci\u00f3n con AJAX\/JSON. El lector aprende a instalar WordPress, a utilizar la herramienta de administraci\u00f3n, a a\u00f1adir funcionalidades, a usar extensiones para desarrolladores, a registrarse en la base de datos, a a\u00f1adir tablas para dominar completamente las bases del funcionamiento del CMS y posteriormente, aprender a crear temas avanzados, widgets y extensiones. Una parte del libro trata sobre GDPR, SEO, optimizaci\u00f3n, seguridad, traducci\u00f3n, migraci\u00f3n, implantaci\u00f3n, etc.<\/div>\n<div class=\"formated-text\" style=\"text-align: left;\" data-v-7fdc4342=\"\" data-v-809af916=\"\">Tambi\u00e9n se detallan las extensiones esenciales como ACF, Duplicator, WooCommerce o Yoast SEO. Hay un cap\u00edtulo dedicado a WooCommerce, que permite al lector usar f\u00e1cilmente sus clases, funciones y hooks y de esta manera, recuperar cualquier informaci\u00f3n en su c\u00f3digo PHP para crear una tienda en l\u00ednea.<\/div>\n<div class=\"formated-text\" style=\"text-align: left;\" data-v-7fdc4342=\"\" data-v-809af916=\"\">Las funciones espec\u00edficas de WordPress se detallan con ejemplos y escenarios a trav\u00e9s de trabajos pr\u00e1cticos: creaci\u00f3n y adici\u00f3n de funcionalidades en la administraci\u00f3n de un tema, creaci\u00f3n de un tema a partir de una maqueta HTML, adici\u00f3n de un editor wysiwyg, creaci\u00f3n de una extensi\u00f3n de rastro de migas de pan, creaci\u00f3n de un widget, creaci\u00f3n de una extensi\u00f3n de Google Maps y creaci\u00f3n de una extensi\u00f3n con un formulario para recuperar direcciones de correo electr\u00f3nico en AJAX\/JSON.<\/div>\n<div class=\"formated-text\" style=\"text-align: left;\" data-v-7fdc4342=\"\" data-v-809af916=\"\">Los enlaces a la gu\u00eda de referencia as\u00ed como al campo l\u00e9xico utilizado, dar\u00e1n las claves necesarias para profundizar en el conocimiento sobre cualquier tema espec\u00edfico.Se pueden descargar elementos adicionales del sitio www. https:\/\/www.ediciones-eni.com\/.<\/div>\n<\/div>\n<\/div>\n<\/div>\n<\/div>\n<p>&nbsp;<\/p>\n","protected":false},"excerpt":{"rendered":"<h1 class=\"text-h4 mb-2\" style=\"text-align: left;\" data-v-67c504fe=\"\">WORDPRESS DESARROLLE CON PHP<\/h1>\n<h4 class=\"text-h4 mb-2\" style=\"text-align: left;\">WORDPRESS<\/h4>\n<h5 class=\"mb-2 subtitle font-weight-normal text-md-h5 text-uppercase\" style=\"text-align: left;\">DESARROLLE CON PHP &#8211; EXTENSIONES, WIDGETS Y TEMAS AVANZADOS (TEOR\u00cdA, TP, RECURSOS) (2\u00aa EDICI\u00d3N)<\/h5>\n<div class=\"text-h5 d-flex flex-wrap author mb-2 justify-center justify-sm-start\" data-v-1bd2f6e8=\"\" data-v-67c504fe=\"\">\n<div data-v-1bd2f6e8=\"\">\n<div class=\"grey--text text--darken-1 d-flex\" style=\"text-align: left;\" data-v-1bd2f6e8=\"\"><a href=\"https:\/\/www.ediciones-eni.com\/laurent-dumoulin\"><span data-v-1bd2f6e8=\"\">LAURENT DUMOULIN<\/span><\/a><\/div>\n<div data-v-1bd2f6e8=\"\"><\/div>\n<\/div>\n<div data-v-1bd2f6e8=\"\"><img decoding=\"async\" class=\"alignnone size-full wp-image-12941\" src=\"https:\/\/xn--nicols-tta.es\/temas_y_plugins\/nicopre\/\/wp-content\/uploads\/2023\/12\/9782409030840.jpg\" alt=\"\" width=\"229\" height=\"277\" \/><\/div>\n<\/div>\n<p style=\"text-align: left;\">\n","protected":false},"featured_media":12941,"comment_status":"open","ping_status":"closed","template":"","meta":[],"product_brand":[],"product_cat":[1146,78],"product_tag":[1150,1147,1149,1148,1151],"class_list":{"0":"post-12940","1":"product","2":"type-product","3":"status-publish","4":"has-post-thumbnail","6":"product_cat-libros-de-programacion-informatica-2023","7":"product_cat-wordpress","8":"product_tag-informatica","9":"product_tag-libros","10":"product_tag-programacion","11":"product_tag-tutoriales","12":"product_tag-wordpress","14":"first","15":"instock","16":"sale","17":"shipping-taxable","18":"product-type-external"},"_links":{"self":[{"href":"https:\/\/xn--nicols-tta.es\/temas_y_plugins\/nicopre\/wp-json\/wp\/v2\/product\/12940","targetHints":{"allow":["GET"]}}],"collection":[{"href":"https:\/\/xn--nicols-tta.es\/temas_y_plugins\/nicopre\/wp-json\/wp\/v2\/product"}],"about":[{"href":"https:\/\/xn--nicols-tta.es\/temas_y_plugins\/nicopre\/wp-json\/wp\/v2\/types\/product"}],"replies":[{"embeddable":true,"href":"https:\/\/xn--nicols-tta.es\/temas_y_plugins\/nicopre\/wp-json\/wp\/v2\/comments?post=12940"}],"wp:featuredmedia":[{"embeddable":true,"href":"https:\/\/xn--nicols-tta.es\/temas_y_plugins\/nicopre\/wp-json\/wp\/v2\/media\/12941"}],"wp:attachment":[{"href":"https:\/\/xn--nicols-tta.es\/temas_y_plugins\/nicopre\/wp-json\/wp\/v2\/media?parent=12940"}],"wp:term":[{"taxonomy":"product_brand","embeddable":true,"href":"https:\/\/xn--nicols-tta.es\/temas_y_plugins\/nicopre\/wp-json\/wp\/v2\/product_brand?post=12940"},{"taxonomy":"product_cat","embeddable":true,"href":"https:\/\/xn--nicols-tta.es\/temas_y_plugins\/nicopre\/wp-json\/wp\/v2\/product_cat?post=12940"},{"taxonomy":"product_tag","embeddable":true,"href":"https:\/\/xn--nicols-tta.es\/temas_y_plugins\/nicopre\/wp-json\/wp\/v2\/product_tag?post=12940"}],"curies":[{"name":"wp","href":"https:\/\/api.w.org\/{rel}","templated":true}]}}