{"id":12930,"date":"2023-12-12T19:35:26","date_gmt":"2023-12-12T18:35:26","guid":{"rendered":"https:\/\/xn--nicols-tta.es\/temas_y_plugins\/nicopre\/\/?post_type=product&#038;p=12930"},"modified":"2023-12-12T19:39:19","modified_gmt":"2023-12-12T18:39:19","slug":"programacion-en-javascript","status":"publish","type":"product","link":"https:\/\/xn--nicols-tta.es\/temas_y_plugins\/nicopre\/producto\/programacion-en-javascript\/","title":{"rendered":"Programaci\u00f3n en JavaScript"},"content":{"rendered":"<h1 id=\"title\" class=\"a-spacing-none a-text-normal\" style=\"text-align: left;\"><span id=\"productTitle\" class=\"a-size-extra-large celwidget\" data-csa-c-id=\"ep0s73-6xaxzo-ejktzi-fafi6i\" data-cel-widget=\"productTitle\">Programaci\u00f3n en JavaScript: Una gu\u00eda completa desde los fundamentos hasta el dominio (Secretos de la Inform\u00e1tica)<\/span><\/h1>\n<p><img fetchpriority=\"high\" decoding=\"async\" class=\"alignnone wp-image-12931\" src=\"https:\/\/xn--nicols-tta.es\/temas_y_plugins\/nicopre\/\/wp-content\/uploads\/2023\/12\/610LQVHrWBL._SY342_-218x300.jpg\" alt=\"\" width=\"481\" height=\"661\" srcset=\"https:\/\/xn--nicols-tta.es\/temas_y_plugins\/nicopre\/wp-content\/uploads\/2023\/12\/610LQVHrWBL._SY342_-218x300.jpg 218w, https:\/\/xn--nicols-tta.es\/temas_y_plugins\/nicopre\/wp-content\/uploads\/2023\/12\/610LQVHrWBL._SY342_.jpg 249w\" sizes=\"(max-width: 481px) 100vw, 481px\" \/><\/p>\n<p style=\"text-align: left;\">&#8216;Programaci\u00f3n en JavaScript&#8217; es una gu\u00eda exhaustiva dise\u00f1ada tanto para principiantes como para programadores experimentados. Este libro ofrece un enfoque detallado y paso a paso para entender los conceptos fundamentales de JavaScript, desde las variables y operadores hasta las estructuras de control, bucles, funciones y mucho m\u00e1s. Se presta especial atenci\u00f3n a las caracter\u00edsticas avanzadas del lenguaje, como el uso de bibliotecas y frameworks de JavaScript, la programaci\u00f3n orientada a objetos, la programaci\u00f3n funcional y las t\u00e9cnicas de optimizaci\u00f3n del rendimiento. Adem\u00e1s de la teor\u00eda, encontrar\u00e1s ejemplos pr\u00e1cticos y casos de uso reales para solidificar tu comprensi\u00f3n. Ya sea que est\u00e9s comenzando tu viaje en la programaci\u00f3n o seas un profesional en busca de una mayor profundidad, &#8216;Programaci\u00f3n en JavaScript&#8217; ser\u00e1 tu referencia esencial para dominar este indispensable lenguaje web. Descubre el potencial de JavaScript y c\u00f3mo puede revolucionar tu forma de pensar y crear en la web.<\/p>\n<p style=\"text-align: left;\">De <span class=\"author notFaded\" data-width=\"\"><a class=\"a-link-normal\" href=\"https:\/\/www.amazon.es\/s\/ref=dp_byline_sr_ebooks_1?ie=UTF8&amp;field-author=Din+Asoti%C4%87&amp;text=Din+Asoti%C4%87&amp;sort=relevancerank&amp;search-alias=digital-text\">Din Asoti\u0107<\/a>\u00a0<span class=\"contribution\"><span class=\"a-color-secondary\">(Autor)<\/span> .<\/span><\/span><i class=\"a-icon a-icon-text-separator\"><\/i><\/p>\n<hr \/>\n<p>&nbsp;<\/p>\n","protected":false},"excerpt":{"rendered":"<h1 id=\"title\" class=\"a-spacing-none a-text-normal\" style=\"text-align: left;\"><span id=\"productTitle\" class=\"a-size-extra-large celwidget\" data-csa-c-id=\"ep0s73-6xaxzo-ejktzi-fafi6i\" data-cel-widget=\"productTitle\">Programaci\u00f3n en JavaScript: Una gu\u00eda completa desde los fundamentos hasta el dominio (Secretos de la Inform\u00e1tica)<\/span><\/h1>\n<p><img decoding=\"async\" class=\"alignnone size-medium wp-image-12931\" src=\"https:\/\/xn--nicols-tta.es\/temas_y_plugins\/nicopre\/\/wp-content\/uploads\/2023\/12\/610LQVHrWBL._SY342_-218x300.jpg\" alt=\"\" width=\"218\" height=\"300\" srcset=\"https:\/\/xn--nicols-tta.es\/temas_y_plugins\/nicopre\/wp-content\/uploads\/2023\/12\/610LQVHrWBL._SY342_-218x300.jpg 218w, https:\/\/xn--nicols-tta.es\/temas_y_plugins\/nicopre\/wp-content\/uploads\/2023\/12\/610LQVHrWBL._SY342_.jpg 249w\" sizes=\"(max-width: 218px) 100vw, 218px\" \/><\/p>\n<p>&nbsp;<\/p>\n","protected":false},"featured_media":12931,"comment_status":"open","ping_status":"closed","template":"","meta":[],"product_brand":[],"product_cat":[1146],"product_tag":[1150,1147,155,1145,1149,1148],"class_list":{"0":"post-12930","1":"product","2":"type-product","3":"status-publish","4":"has-post-thumbnail","6":"product_cat-libros-de-programacion-informatica-2023","7":"product_tag-informatica","8":"product_tag-libros","9":"product_tag-ordenadores","10":"product_tag-pasion","11":"product_tag-programacion","12":"product_tag-tutoriales","14":"first","15":"instock","16":"sale","17":"shipping-taxable","18":"product-type-external"},"_links":{"self":[{"href":"https:\/\/xn--nicols-tta.es\/temas_y_plugins\/nicopre\/wp-json\/wp\/v2\/product\/12930","targetHints":{"allow":["GET"]}}],"collection":[{"href":"https:\/\/xn--nicols-tta.es\/temas_y_plugins\/nicopre\/wp-json\/wp\/v2\/product"}],"about":[{"href":"https:\/\/xn--nicols-tta.es\/temas_y_plugins\/nicopre\/wp-json\/wp\/v2\/types\/product"}],"replies":[{"embeddable":true,"href":"https:\/\/xn--nicols-tta.es\/temas_y_plugins\/nicopre\/wp-json\/wp\/v2\/comments?post=12930"}],"wp:featuredmedia":[{"embeddable":true,"href":"https:\/\/xn--nicols-tta.es\/temas_y_plugins\/nicopre\/wp-json\/wp\/v2\/media\/12931"}],"wp:attachment":[{"href":"https:\/\/xn--nicols-tta.es\/temas_y_plugins\/nicopre\/wp-json\/wp\/v2\/media?parent=12930"}],"wp:term":[{"taxonomy":"product_brand","embeddable":true,"href":"https:\/\/xn--nicols-tta.es\/temas_y_plugins\/nicopre\/wp-json\/wp\/v2\/product_brand?post=12930"},{"taxonomy":"product_cat","embeddable":true,"href":"https:\/\/xn--nicols-tta.es\/temas_y_plugins\/nicopre\/wp-json\/wp\/v2\/product_cat?post=12930"},{"taxonomy":"product_tag","embeddable":true,"href":"https:\/\/xn--nicols-tta.es\/temas_y_plugins\/nicopre\/wp-json\/wp\/v2\/product_tag?post=12930"}],"curies":[{"name":"wp","href":"https:\/\/api.w.org\/{rel}","templated":true}]}}