{"id":12927,"date":"2023-12-12T19:22:42","date_gmt":"2023-12-12T18:22:42","guid":{"rendered":"https:\/\/xn--nicols-tta.es\/temas_y_plugins\/nicopre\/\/?post_type=product&#038;p=12927"},"modified":"2023-12-12T19:29:20","modified_gmt":"2023-12-12T18:29:20","slug":"aprende-a-programar-con-python","status":"publish","type":"product","link":"https:\/\/xn--nicols-tta.es\/temas_y_plugins\/nicopre\/producto\/aprende-a-programar-con-python\/","title":{"rendered":"Aprende a programar con Python"},"content":{"rendered":"<h1 id=\"title\" class=\"a-spacing-none a-text-normal\" style=\"text-align: left;\"><span id=\"productTitle\" class=\"a-size-extra-large celwidget\" data-csa-c-id=\"yfjh5v-lrln08-25ebfx-j9grve\" data-cel-widget=\"productTitle\">Aprende a programar con Python en un fin de semana: El curso definitivo para aprender a programar desde cero (Aprende en un fin de semana)\u00a0<\/span><\/h1>\n<p><img fetchpriority=\"high\" decoding=\"async\" class=\"alignnone  wp-image-12928\" src=\"https:\/\/xn--nicols-tta.es\/temas_y_plugins\/nicopre\/\/wp-content\/uploads\/2023\/12\/61eJ-rkwvrL._SY342_-188x300.jpg\" alt=\"\" width=\"752\" height=\"1200\" srcset=\"https:\/\/xn--nicols-tta.es\/temas_y_plugins\/nicopre\/wp-content\/uploads\/2023\/12\/61eJ-rkwvrL._SY342_-188x300.jpg 188w, https:\/\/xn--nicols-tta.es\/temas_y_plugins\/nicopre\/wp-content\/uploads\/2023\/12\/61eJ-rkwvrL._SY342_.jpg 214w\" sizes=\"(max-width: 752px) 100vw, 752px\" \/><\/p>\n<p style=\"text-align: left;\"><span class=\"a-text-bold\">OFERTA DE LANZAMIENTO POR TIEMPO LIMITADO<\/span><\/p>\n<p style=\"text-align: left;\">El curso definitivo para aprender a programar desde cero utilizando Python, el lenguaje m\u00e1s popular del mundo<\/p>\n<p style=\"text-align: left;\">M\u00e1s de 350 p\u00e1ginas con todo lo necesario para convertirte en poco tiempo en un verdadero profesional del mundo de la programaci\u00f3n.<\/p>\n<p style=\"text-align: left;\">Aprender\u00e1s c\u00f3mo funciona un ordenador, cu\u00e1l es el papel del sistema operativo, qu\u00e9 es un lenguaje de programaci\u00f3n y cu\u00e1les son los m\u00e1s populares, qu\u00e9 paradigmas se utilizan en la actualidad y, por supuesto, todos los conceptos necesarios para llevar a cabo cualquier tipo de desarrollo software: uso de variables, instrucciones de control, funciones, objetos, gesti\u00f3n de errores, manejo de ficheros, etc.<\/p>\n<p style=\"text-align: left;\">\u00bfHas empezado a estudiar inform\u00e1tica y te est\u00e1 costando sacar adelante las asignaturas de programaci\u00f3n? \u00bfQuieres convertirte en cient\u00edfico de datos y no sabes por d\u00f3nde empezar? \u00bfTienes en mente un proyecto personal para desarrollar una nueva y revolucionaria app? \u00bfo simplemente tienes curiosidad por este mundillo? Bienvenid@, has dado con el libro adecuado.<\/p>\n<p style=\"text-align: left;\"><span class=\"a-text-bold\">Contenido del curso<\/span><\/p>\n<ul class=\"a-unordered-list a-vertical\">\n<li style=\"text-align: left;\"><span class=\"a-list-item\">CAP\u00cdTULO 1.1 &#8211; INTRODUCCI\u00d3N<\/span><\/li>\n<li style=\"text-align: left;\"><span class=\"a-list-item\">CAP\u00cdTULO 1.2 &#8211; COMPONENTES DE UN ORDENADOR<\/span><\/li>\n<li style=\"text-align: left;\"><span class=\"a-list-item\">CAP\u00cdTULO 1.3 &#8211; EL SISTEMA OPERATIVO<\/span><\/li>\n<li style=\"text-align: left;\"><span class=\"a-list-item\">CAP\u00cdTULO 1.4 &#8211; \u00bfQU\u00c9 ES UN LENGUAJE DE PROGRAMACI\u00d3N?<\/span><\/li>\n<li style=\"text-align: left;\"><span class=\"a-list-item\">CAP\u00cdTULO 1.5 &#8211; EL LENGUAJE PYTHON<\/span><\/li>\n<li style=\"text-align: left;\"><span class=\"a-list-item\">CAP\u00cdTULO 1.6 &#8211; PREPARAR EL ENTORNO<\/span><\/li>\n<li style=\"text-align: left;\"><span class=\"a-list-item\">CAP\u00cdTULO 1.7 &#8211; FUNDAMENTOS DE LA PROGRAMACI\u00d3N<\/span><\/li>\n<li style=\"text-align: left;\"><span class=\"a-list-item\">CAP\u00cdTULO 1.8 &#8211; P\u00c1GINAS DE AYUDA<\/span><\/li>\n<li style=\"text-align: left;\"><span class=\"a-list-item\">CAP\u00cdTULO 1.9 &#8211; RESUMEN DEL PRIMER D\u00cdA<\/span><\/li>\n<li style=\"text-align: left;\"><span class=\"a-list-item\">CAP\u00cdTULO 2.1 &#8211; PYTHON<\/span><\/li>\n<li style=\"text-align: left;\"><span class=\"a-list-item\">CAP\u00cdTULO 2.2 &#8211; VARIABLES Y TIPOS DE DATOS<\/span><\/li>\n<li style=\"text-align: left;\"><span class=\"a-list-item\">CAP\u00cdTULO 2.3 &#8211; OPERACIONES MATEM\u00c1TICAS<\/span><\/li>\n<li style=\"text-align: left;\"><span class=\"a-list-item\">CAP\u00cdTULO 2.4 &#8211; CONVERSI\u00d3N DE TIPOS DE DATOS<\/span><\/li>\n<li style=\"text-align: left;\"><span class=\"a-list-item\">CAP\u00cdTULO 2.5 &#8211; SOLICITAR Y MOSTRAR INFORMACI\u00d3N AL USUARIO<\/span><\/li>\n<li style=\"text-align: left;\"><span class=\"a-list-item\">CAP\u00cdTULO 2.6 &#8211; OPERACIONES L\u00d3GICAS<\/span><\/li>\n<li style=\"text-align: left;\"><span class=\"a-list-item\">CAP\u00cdTULO 2.7 &#8211; INSTRUCCIONES DE CONTROL &#8211; BIFURCACIONES<\/span><\/li>\n<li style=\"text-align: left;\"><span class=\"a-list-item\">CAP\u00cdTULO 2.8 &#8211; COLECCIONES<\/span><\/li>\n<li style=\"text-align: left;\"><span class=\"a-list-item\">CAP\u00cdTULO 2.9 &#8211; INSTRUCCIONES DE CONTROL &#8211; BUCLES<\/span><\/li>\n<li style=\"text-align: left;\"><span class=\"a-list-item\">CAP\u00cdTULO 2.10 &#8211; FUNCIONES<\/span><\/li>\n<li style=\"text-align: left;\"><span class=\"a-list-item\">CAP\u00cdTULO 2.11 &#8211; OBJETOS<\/span><\/li>\n<li style=\"text-align: left;\"><span class=\"a-list-item\">CAP\u00cdTULO 2.12 &#8211; M\u00d3DULOS Y PAQUETES<\/span><\/li>\n<li style=\"text-align: left;\"><span class=\"a-list-item\">CAP\u00cdTULO 2.13 &#8211; RESUMEN DEL SEGUNDO D\u00cdA<\/span><\/li>\n<li style=\"text-align: left;\"><span class=\"a-list-item\">CAP\u00cdTULO 3.1 &#8211; MANIPULACI\u00d3N AVANZADA DE TEXTOS<\/span><\/li>\n<li style=\"text-align: left;\"><span class=\"a-list-item\">CAP\u00cdTULO 3.2 &#8211; DIVERSI\u00d3N CON FECHAS<\/span><\/li>\n<li style=\"text-align: left;\"><span class=\"a-list-item\">CAP\u00cdTULO 3.3 &#8211; MANEJO DE FICHEROS<\/span><\/li>\n<li style=\"text-align: left;\"><span class=\"a-list-item\">CAP\u00cdTULO 3.4 &#8211; GESTI\u00d3N DE ERRORES<\/span><\/li>\n<li style=\"text-align: left;\"><span class=\"a-list-item\">CAP\u00cdTULO 3.5 &#8211; LIBRER\u00cdA EST\u00c1NDAR DE PYTHON<\/span><\/li>\n<li style=\"text-align: left;\"><span class=\"a-list-item\">CAP\u00cdTULO 3.6 &#8211; \u00bfNECESITAS AYUDA?<\/span><\/li>\n<li style=\"text-align: left;\"><span class=\"a-list-item\">CAP\u00cdTULO 3.7 &#8211; DESARROLLANDO CON ESTILO<\/span><\/li>\n<li style=\"text-align: left;\"><span class=\"a-list-item\">CAP\u00cdTULO 3.8 &#8211; PROYECTO FINAL<\/span><\/li>\n<li style=\"text-align: left;\"><span class=\"a-list-item\">CAP\u00cdTULO 3.9 \u2013 \u00a1HEMOS TERMINADO!<\/span><\/li>\n<li style=\"text-align: left;\"><span class=\"a-list-item\">CAP\u00cdTULO EXTRA &#8211; RECURSOS<\/span><\/li>\n<\/ul>\n<h3 style=\"text-align: left;\">Autor<\/h3>\n<p><a href=\"https:\/\/www.amazon.es\/stores\/Antonio-Padial-Solier\/author\/B08WT5MJX5?ref=ap_rdr&amp;store_ref=ap_rdr&amp;isDramIntegrated=true&amp;shoppingPortalEnabled=true\"><img decoding=\"async\" class=\"alignnone wp-image-12925 size-thumbnail\" src=\"https:\/\/xn--nicols-tta.es\/temas_y_plugins\/nicopre\/\/wp-content\/uploads\/2023\/12\/gsbsi70hbp0u4rk9gokv7sjg9i._SY450_CR00450450_-150x150.jpg\" alt=\"\" width=\"150\" height=\"150\" srcset=\"https:\/\/xn--nicols-tta.es\/temas_y_plugins\/nicopre\/wp-content\/uploads\/2023\/12\/gsbsi70hbp0u4rk9gokv7sjg9i._SY450_CR00450450_-150x150.jpg 150w, https:\/\/xn--nicols-tta.es\/temas_y_plugins\/nicopre\/wp-content\/uploads\/2023\/12\/gsbsi70hbp0u4rk9gokv7sjg9i._SY450_CR00450450_-300x300.jpg 300w, https:\/\/xn--nicols-tta.es\/temas_y_plugins\/nicopre\/wp-content\/uploads\/2023\/12\/gsbsi70hbp0u4rk9gokv7sjg9i._SY450_CR00450450_-100x100.jpg 100w, https:\/\/xn--nicols-tta.es\/temas_y_plugins\/nicopre\/wp-content\/uploads\/2023\/12\/gsbsi70hbp0u4rk9gokv7sjg9i._SY450_CR00450450_.jpg 450w\" sizes=\"(max-width: 150px) 100vw, 150px\" \/><\/a><\/p>\n<hr \/>\n<p style=\"text-align: left;\">\n","protected":false},"excerpt":{"rendered":"<h1 id=\"title\" class=\"a-spacing-none a-text-normal\" style=\"text-align: left;\"><span id=\"productTitle\" class=\"a-size-extra-large celwidget\" data-csa-c-id=\"yfjh5v-lrln08-25ebfx-j9grve\" data-cel-widget=\"productTitle\">Aprende a programar con Python en un fin de semana: El curso definitivo para aprender a programar desde cero (Aprende en un fin de semana)\u00a0<\/span><\/h1>\n<p><img decoding=\"async\" class=\"alignnone size-medium wp-image-12928\" src=\"https:\/\/xn--nicols-tta.es\/temas_y_plugins\/nicopre\/\/wp-content\/uploads\/2023\/12\/61eJ-rkwvrL._SY342_-188x300.jpg\" alt=\"\" width=\"188\" height=\"300\" srcset=\"https:\/\/xn--nicols-tta.es\/temas_y_plugins\/nicopre\/wp-content\/uploads\/2023\/12\/61eJ-rkwvrL._SY342_-188x300.jpg 188w, https:\/\/xn--nicols-tta.es\/temas_y_plugins\/nicopre\/wp-content\/uploads\/2023\/12\/61eJ-rkwvrL._SY342_.jpg 214w\" sizes=\"(max-width: 188px) 100vw, 188px\" \/><\/p>\n<p>&nbsp;<\/p>\n","protected":false},"featured_media":12928,"comment_status":"open","ping_status":"closed","template":"","meta":[],"product_brand":[],"product_cat":[1146],"product_tag":[1150,1147,1149,1148],"class_list":{"0":"post-12927","1":"product","2":"type-product","3":"status-publish","4":"has-post-thumbnail","6":"product_cat-libros-de-programacion-informatica-2023","7":"product_tag-informatica","8":"product_tag-libros","9":"product_tag-programacion","10":"product_tag-tutoriales","12":"first","13":"instock","14":"sale","15":"shipping-taxable","16":"product-type-external"},"_links":{"self":[{"href":"https:\/\/xn--nicols-tta.es\/temas_y_plugins\/nicopre\/wp-json\/wp\/v2\/product\/12927","targetHints":{"allow":["GET"]}}],"collection":[{"href":"https:\/\/xn--nicols-tta.es\/temas_y_plugins\/nicopre\/wp-json\/wp\/v2\/product"}],"about":[{"href":"https:\/\/xn--nicols-tta.es\/temas_y_plugins\/nicopre\/wp-json\/wp\/v2\/types\/product"}],"replies":[{"embeddable":true,"href":"https:\/\/xn--nicols-tta.es\/temas_y_plugins\/nicopre\/wp-json\/wp\/v2\/comments?post=12927"}],"wp:featuredmedia":[{"embeddable":true,"href":"https:\/\/xn--nicols-tta.es\/temas_y_plugins\/nicopre\/wp-json\/wp\/v2\/media\/12928"}],"wp:attachment":[{"href":"https:\/\/xn--nicols-tta.es\/temas_y_plugins\/nicopre\/wp-json\/wp\/v2\/media?parent=12927"}],"wp:term":[{"taxonomy":"product_brand","embeddable":true,"href":"https:\/\/xn--nicols-tta.es\/temas_y_plugins\/nicopre\/wp-json\/wp\/v2\/product_brand?post=12927"},{"taxonomy":"product_cat","embeddable":true,"href":"https:\/\/xn--nicols-tta.es\/temas_y_plugins\/nicopre\/wp-json\/wp\/v2\/product_cat?post=12927"},{"taxonomy":"product_tag","embeddable":true,"href":"https:\/\/xn--nicols-tta.es\/temas_y_plugins\/nicopre\/wp-json\/wp\/v2\/product_tag?post=12927"}],"curies":[{"name":"wp","href":"https:\/\/api.w.org\/{rel}","templated":true}]}}