{"id":12491,"date":"2023-10-12T23:09:07","date_gmt":"2023-10-12T21:09:07","guid":{"rendered":"https:\/\/xn--nicols-tta.es\/temas_y_plugins\/nicopre\/\/?post_type=product&#038;p=12491"},"modified":"2023-10-12T23:34:17","modified_gmt":"2023-10-12T21:34:17","slug":"set-cargador-power-bank","status":"publish","type":"product","link":"https:\/\/xn--nicols-tta.es\/temas_y_plugins\/nicopre\/producto\/set-cargador-power-bank\/","title":{"rendered":"Set cargador power bank"},"content":{"rendered":"<h1 class=\"h1 page-title\">Set cargador power bank<\/h1>\n<p>&nbsp;<\/p>\n<p><img fetchpriority=\"high\" decoding=\"async\" class=\"alignnone size-medium wp-image-12492\" src=\"https:\/\/xn--nicols-tta.es\/temas_y_plugins\/nicopre\/\/wp-content\/uploads\/2023\/10\/set-cargador-power-bank-300x300.webp\" alt=\"\" width=\"300\" height=\"300\" srcset=\"https:\/\/xn--nicols-tta.es\/temas_y_plugins\/nicopre\/wp-content\/uploads\/2023\/10\/set-cargador-power-bank-300x300.webp 300w, https:\/\/xn--nicols-tta.es\/temas_y_plugins\/nicopre\/wp-content\/uploads\/2023\/10\/set-cargador-power-bank-150x150.webp 150w, https:\/\/xn--nicols-tta.es\/temas_y_plugins\/nicopre\/wp-content\/uploads\/2023\/10\/set-cargador-power-bank-100x100.webp 100w, https:\/\/xn--nicols-tta.es\/temas_y_plugins\/nicopre\/wp-content\/uploads\/2023\/10\/set-cargador-power-bank.webp 600w\" sizes=\"(max-width: 300px) 100vw, 300px\" \/><\/p>\n<p style=\"text-align: left;\">Si buscas regalos publicitarios baratos te ofrecemos esta idea, Set Power Bank con logotipos o textos personalizados , m\u00e1xima visibilidad y repercusi\u00f3n de tu marca. Set de bater\u00eda auxiliar externa extraplana de gran capacidad de carga -8.000 mAh-, cargador de coche con salida de carga USB dual de 2.100 mAh y cargador de pared de 1.000 mAh, presentados en elegante y resistente estuche de polipiel en color blanco. Con cable micro USB incluido. Las capacidades mostradas en todas nuestras bater\u00edas auxiliares externas son reales, incorporando todas ellas bater\u00edas de grado A y no recicladas, con una vida \u00fatil de al menos 500 ciclos de carga y seg\u00fan normativa CE. Adem\u00e1s, est\u00e1n fabricadas conforme a los est\u00e1ndares RoHS y en cumplimiento con los siguientes requisitos de seguridad: Sistema de protecci\u00f3n contra sobrecarga del power bank. Sistema de protecci\u00f3n contra descarga completa que proporciona una mayor durabilidad del power bank. Sistema de bloqueo para evitar cortocircuitos. Sistema de transferencia de carga constante, acorde con la capacidad del dispositivo de destino. Medidas: Largo 17 cm. Alto 5 cm. Ancho 8.5 cm. Disponible en color BLANCO.<\/p>\n","protected":false},"excerpt":{"rendered":"<h1 class=\"h1 page-title\">Set cargador power bank<\/h1>\n<p>&nbsp;<\/p>\n[caption id=\"\" align=\"alignnone\" width=\"450\"]<img decoding=\"async\" class=\"size-medium\" src=\"https:\/\/www.regalos-empresa.es\/18164-large_default\/set-cargador-power-bank.jpg\" alt=\"set-cargador-power-bank\" width=\"450\" height=\"450\" \/> set-cargador-power-bank[\/caption]\n<p style=\"text-align: left;\">Si buscas regalos publicitarios baratos te ofrecemos esta idea, Set Power Bank con logotipos o textos personalizados , m\u00e1xima visibilidad y repercusi\u00f3n de tu marca. Set de bater\u00eda auxiliar externa extraplana de gran capacidad de carga -8.000 mAh-, cargador de coche con salida de carga USB dual de 2.100 mAh y cargador de pared de 1.000 mAh, presentados en elegante y resistente estuche de polipiel en color blanco. Con cable micro USB incluido. Las capacidades mostradas en todas nuestras bater\u00edas auxiliares externas son reales, incorporando todas ellas bater\u00edas de grado A y no recicladas, con una vida \u00fatil de al menos 500 ciclos de carga y seg\u00fan normativa CE. Adem\u00e1s, est\u00e1n fabricadas conforme a los est\u00e1ndares RoHS y en cumplimiento con los siguientes requisitos de seguridad: Sistema de protecci\u00f3n contra sobrecarga del power bank. Sistema de protecci\u00f3n contra descarga completa que proporciona una mayor durabilidad del power bank. Sistema de bloqueo para evitar cortocircuitos. Sistema de transferencia de carga constante, acorde con la capacidad del dispositivo de destino. Medidas: Largo 17 cm. Alto 5 cm. Ancho 8.5 cm. Disponible en color BLANCO.<\/p>\n","protected":false},"featured_media":12492,"comment_status":"open","ping_status":"closed","template":"","meta":[],"product_brand":[],"product_cat":[167,168],"product_tag":[],"class_list":{"0":"post-12491","1":"product","2":"type-product","3":"status-publish","4":"has-post-thumbnail","6":"product_cat-regalos-de-empresa","7":"product_cat-tecnologia","9":"first","10":"instock","11":"sale","12":"shipping-taxable","13":"product-type-external"},"_links":{"self":[{"href":"https:\/\/xn--nicols-tta.es\/temas_y_plugins\/nicopre\/wp-json\/wp\/v2\/product\/12491","targetHints":{"allow":["GET"]}}],"collection":[{"href":"https:\/\/xn--nicols-tta.es\/temas_y_plugins\/nicopre\/wp-json\/wp\/v2\/product"}],"about":[{"href":"https:\/\/xn--nicols-tta.es\/temas_y_plugins\/nicopre\/wp-json\/wp\/v2\/types\/product"}],"replies":[{"embeddable":true,"href":"https:\/\/xn--nicols-tta.es\/temas_y_plugins\/nicopre\/wp-json\/wp\/v2\/comments?post=12491"}],"wp:featuredmedia":[{"embeddable":true,"href":"https:\/\/xn--nicols-tta.es\/temas_y_plugins\/nicopre\/wp-json\/wp\/v2\/media\/12492"}],"wp:attachment":[{"href":"https:\/\/xn--nicols-tta.es\/temas_y_plugins\/nicopre\/wp-json\/wp\/v2\/media?parent=12491"}],"wp:term":[{"taxonomy":"product_brand","embeddable":true,"href":"https:\/\/xn--nicols-tta.es\/temas_y_plugins\/nicopre\/wp-json\/wp\/v2\/product_brand?post=12491"},{"taxonomy":"product_cat","embeddable":true,"href":"https:\/\/xn--nicols-tta.es\/temas_y_plugins\/nicopre\/wp-json\/wp\/v2\/product_cat?post=12491"},{"taxonomy":"product_tag","embeddable":true,"href":"https:\/\/xn--nicols-tta.es\/temas_y_plugins\/nicopre\/wp-json\/wp\/v2\/product_tag?post=12491"}],"curies":[{"name":"wp","href":"https:\/\/api.w.org\/{rel}","templated":true}]}}