{"id":10684,"date":"2023-02-13T23:11:04","date_gmt":"2023-02-13T22:11:04","guid":{"rendered":"https:\/\/xn--nicols-tta.es\/temas_y_plugins\/nicopre\/\/?post_type=product&#038;p=10684"},"modified":"2023-06-10T18:35:31","modified_gmt":"2023-06-10T16:35:31","slug":"galaxy-s23-ultra","status":"publish","type":"product","link":"https:\/\/xn--nicols-tta.es\/temas_y_plugins\/nicopre\/producto\/galaxy-s23-ultra\/","title":{"rendered":"Galaxy S23 Ultra"},"content":{"rendered":"<h1 style=\"text-align: left;\"><strong class=\"floating-navigation__headline-text\"><em>Galaxy S23 Ultra<\/em><\/strong><\/h1>\n<h3 style=\"text-align: left;\"><strong class=\"common-headline highlights-overview__headline\">Un Galaxy renovado<\/strong><\/h3>\n<p style=\"text-align: left;\">Nuestro llamativo dise\u00f1o sim\u00e9trico vuelve con una gran diferencia: el uso de materiales reciclados y ecol\u00f3gicos.<sup><a class=\"click_sup\" title=\"Ver legales\" href=\"https:\/\/www.samsung.com\/es\/smartphones\/galaxy-s23-ultra\/#desc-section\">1<\/a>,<a class=\"click_sup\" title=\"Ver legales\" href=\"https:\/\/www.samsung.com\/es\/smartphones\/galaxy-s23-ultra\/#desc-section\">2<\/a><\/sup>\u00a0Desde el cristal reutilizado hasta el color del marco de metal pulido.<sup><a class=\"click_sup\" title=\"Ver legales\" href=\"https:\/\/www.samsung.com\/es\/smartphones\/galaxy-s23-ultra\/#desc-section\">3<\/a><\/sup><\/p>\n<p><img fetchpriority=\"high\" decoding=\"async\" class=\"alignnone size-medium wp-image-10685\" src=\"https:\/\/xn--nicols-tta.es\/temas_y_plugins\/nicopre\/\/wp-content\/uploads\/2023\/02\/galaxy-s23-ultra-highlights-kv-m-300x274.webp\" alt=\"\" width=\"300\" height=\"274\" srcset=\"https:\/\/xn--nicols-tta.es\/temas_y_plugins\/nicopre\/wp-content\/uploads\/2023\/02\/galaxy-s23-ultra-highlights-kv-m-300x274.webp 300w, https:\/\/xn--nicols-tta.es\/temas_y_plugins\/nicopre\/wp-content\/uploads\/2023\/02\/galaxy-s23-ultra-highlights-kv-m-768x701.webp 768w, https:\/\/xn--nicols-tta.es\/temas_y_plugins\/nicopre\/wp-content\/uploads\/2023\/02\/galaxy-s23-ultra-highlights-kv-m.webp 1024w\" sizes=\"(max-width: 300px) 100vw, 300px\" \/><\/p>\n<h4 style=\"text-align: left;\">\u00a1Date prisa! \u00daltimos d\u00edas de ofertas de precompra<\/h4>\n","protected":false},"excerpt":{"rendered":"<h1 style=\"text-align: left;\"><strong class=\"floating-navigation__headline-text\"><em>Galaxy S23 Ultra<\/em><\/strong><\/h1>\n<p><img decoding=\"async\" class=\"alignnone size-medium wp-image-10686\" src=\"https:\/\/xn--nicols-tta.es\/temas_y_plugins\/nicopre\/\/wp-content\/uploads\/2023\/02\/S23Plus-combo_kv_PC-300x94.webp\" alt=\"\" width=\"300\" height=\"94\" srcset=\"https:\/\/xn--nicols-tta.es\/temas_y_plugins\/nicopre\/wp-content\/uploads\/2023\/02\/S23Plus-combo_kv_PC-300x94.webp 300w, https:\/\/xn--nicols-tta.es\/temas_y_plugins\/nicopre\/wp-content\/uploads\/2023\/02\/S23Plus-combo_kv_PC-1024x320.webp 1024w, https:\/\/xn--nicols-tta.es\/temas_y_plugins\/nicopre\/wp-content\/uploads\/2023\/02\/S23Plus-combo_kv_PC-768x240.webp 768w, https:\/\/xn--nicols-tta.es\/temas_y_plugins\/nicopre\/wp-content\/uploads\/2023\/02\/S23Plus-combo_kv_PC-1320x413.webp 1320w, https:\/\/xn--nicols-tta.es\/temas_y_plugins\/nicopre\/wp-content\/uploads\/2023\/02\/S23Plus-combo_kv_PC.webp 1440w\" sizes=\"(max-width: 300px) 100vw, 300px\" \/><\/p>\n<p>&nbsp;<\/p>\n","protected":false},"featured_media":10685,"comment_status":"open","ping_status":"closed","template":"","meta":[],"product_brand":[],"product_cat":[82,60],"product_tag":[156],"class_list":{"0":"post-10684","1":"product","2":"type-product","3":"status-publish","4":"has-post-thumbnail","6":"product_cat-moviles","7":"product_cat-tienda","8":"product_tag-moviles","10":"first","11":"instock","12":"sale","13":"shipping-taxable","14":"product-type-external"},"_links":{"self":[{"href":"https:\/\/xn--nicols-tta.es\/temas_y_plugins\/nicopre\/wp-json\/wp\/v2\/product\/10684","targetHints":{"allow":["GET"]}}],"collection":[{"href":"https:\/\/xn--nicols-tta.es\/temas_y_plugins\/nicopre\/wp-json\/wp\/v2\/product"}],"about":[{"href":"https:\/\/xn--nicols-tta.es\/temas_y_plugins\/nicopre\/wp-json\/wp\/v2\/types\/product"}],"replies":[{"embeddable":true,"href":"https:\/\/xn--nicols-tta.es\/temas_y_plugins\/nicopre\/wp-json\/wp\/v2\/comments?post=10684"}],"wp:featuredmedia":[{"embeddable":true,"href":"https:\/\/xn--nicols-tta.es\/temas_y_plugins\/nicopre\/wp-json\/wp\/v2\/media\/10685"}],"wp:attachment":[{"href":"https:\/\/xn--nicols-tta.es\/temas_y_plugins\/nicopre\/wp-json\/wp\/v2\/media?parent=10684"}],"wp:term":[{"taxonomy":"product_brand","embeddable":true,"href":"https:\/\/xn--nicols-tta.es\/temas_y_plugins\/nicopre\/wp-json\/wp\/v2\/product_brand?post=10684"},{"taxonomy":"product_cat","embeddable":true,"href":"https:\/\/xn--nicols-tta.es\/temas_y_plugins\/nicopre\/wp-json\/wp\/v2\/product_cat?post=10684"},{"taxonomy":"product_tag","embeddable":true,"href":"https:\/\/xn--nicols-tta.es\/temas_y_plugins\/nicopre\/wp-json\/wp\/v2\/product_tag?post=10684"}],"curies":[{"name":"wp","href":"https:\/\/api.w.org\/{rel}","templated":true}]}}